{"id":136,"date":"2022-12-16T12:16:55","date_gmt":"2022-12-16T10:16:55","guid":{"rendered":"https:\/\/discoverxanthi.com\/?page_id=136"},"modified":"2025-01-23T17:15:53","modified_gmt":"2025-01-23T15:15:53","slug":"eortastikoi-thesmoi","status":"publish","type":"page","link":"https:\/\/discoverxanthi.com\/ro\/eortastikoi-thesmoi\/","title":{"rendered":"Institu\u021bii festive"},"content":{"rendered":"<div data-elementor-type=\"wp-page\" data-elementor-id=\"136\" class=\"elementor elementor-136\" data-elementor-settings=\"{&quot;ha_cmc_init_switcher&quot;:&quot;no&quot;}\" data-elementor-post-type=\"page\">\n\t\t\t\t\t\t<section class=\"elementor-section elementor-top-section elementor-element elementor-element-0233a11 elementor-section-boxed elementor-section-height-default elementor-section-height-default\" data-id=\"0233a11\" data-element_type=\"section\" data-e-type=\"section\" data-settings=\"{&quot;_ha_eqh_enable&quot;:false}\">\n\t\t\t\t\t\t<div class=\"elementor-container elementor-column-gap-default\">\n\t\t\t\t\t<div class=\"elementor-column elementor-col-100 elementor-top-column elementor-element elementor-element-5109cc9\" data-id=\"5109cc9\" data-element_type=\"column\" data-e-type=\"column\">\n\t\t\t<div class=\"elementor-widget-wrap elementor-element-populated\">\n\t\t\t\t\t\t<div class=\"elementor-element elementor-element-e276289 elementor-widget elementor-widget-heading\" data-id=\"e276289\" data-element_type=\"widget\" data-e-type=\"widget\" data-widget_type=\"heading.default\">\n\t\t\t\t<div class=\"elementor-widget-container\">\n\t\t\t\t\t<h2 class=\"elementor-heading-title elementor-size-default\">Institu\u021bii festive din Tracia<\/h2>\t\t\t\t<\/div>\n\t\t\t\t<\/div>\n\t\t\t\t\t<\/div>\n\t\t<\/div>\n\t\t\t\t\t<\/div>\n\t\t<\/section>\n\t\t\t\t<section class=\"elementor-section elementor-top-section elementor-element elementor-element-c316b20 elementor-section-boxed elementor-section-height-default elementor-section-height-default\" data-id=\"c316b20\" data-element_type=\"section\" data-e-type=\"section\" data-settings=\"{&quot;_ha_eqh_enable&quot;:false}\">\n\t\t\t\t\t\t<div class=\"elementor-container elementor-column-gap-default\">\n\t\t\t\t\t<div class=\"elementor-column elementor-col-50 elementor-top-column elementor-element elementor-element-1010e5b\" data-id=\"1010e5b\" data-element_type=\"column\" data-e-type=\"column\">\n\t\t\t<div class=\"elementor-widget-wrap elementor-element-populated\">\n\t\t\t\t\t\t<div class=\"elementor-element elementor-element-27368f8 elementor-widget elementor-widget-image\" data-id=\"27368f8\" data-element_type=\"widget\" data-e-type=\"widget\" data-widget_type=\"image.default\">\n\t\t\t\t<div class=\"elementor-widget-container\">\n\t\t\t\t\t\t\t\t\t\t\t\t\t\t\t<img decoding=\"async\" src=\"https:\/\/discoverxanthi.com\/wp-content\/plugins\/elementor\/assets\/images\/placeholder.png\" title=\"\" alt=\"\" loading=\"lazy\" \/>\t\t\t\t\t\t\t\t\t\t\t\t\t\t\t<\/div>\n\t\t\t\t<\/div>\n\t\t\t\t\t<\/div>\n\t\t<\/div>\n\t\t\t\t<div class=\"elementor-column elementor-col-50 elementor-top-column elementor-element elementor-element-328e84f\" data-id=\"328e84f\" data-element_type=\"column\" data-e-type=\"column\">\n\t\t\t<div class=\"elementor-widget-wrap elementor-element-populated\">\n\t\t\t\t\t\t<div class=\"elementor-element elementor-element-08718cd elementor-widget elementor-widget-heading\" data-id=\"08718cd\" data-element_type=\"widget\" data-e-type=\"widget\" data-widget_type=\"heading.default\">\n\t\t\t\t<div class=\"elementor-widget-container\">\n\t\t\t\t\t<h2 class=\"elementor-heading-title elementor-size-default\">EVENIMENTE FOLCLORICE TRACICE - CARNAVALUL DIN XANTHI<\/h2>\t\t\t\t<\/div>\n\t\t\t\t<\/div>\n\t\t\t\t<div class=\"elementor-element elementor-element-73d7566 elementor-widget elementor-widget-text-editor\" data-id=\"73d7566\" data-element_type=\"widget\" data-e-type=\"widget\" data-widget_type=\"text-editor.default\">\n\t\t\t\t<div class=\"elementor-widget-container\">\n\t\t\t\t\t\t\t\t\t<p>Evenimentele folclorice tracice - carnavalul Xanthiotiko, este cea mai veche institu\u021bie local\u0103, care a \u00eenceput \u00een 1966. Timp de mai bine de o jum\u0103tate de secol, acesta ofer\u0103 vizitatorilor, tineri \u0219i b\u0103tr\u00e2ni, momente unice de bucurie, veselie s\u0103lbatic\u0103 \u0219i optimism.<\/p><p>Timp de aproximativ dou\u0103 s\u0103pt\u0103m\u00e2ni, ora\u0219ul Xanthi ne \u00eent\u00e2mpin\u0103 cu o serie de evenimente care culmineaz\u0103 cu marea parad\u0103 de carnaval \u0219i arderea Tzarilor. Muzica , dansul, distrac\u021bia, proiec\u021biile de film, serile de teatru \u0219i expozi\u021biile domin\u0103 cu vitalitate aceste zile.<\/p>\t\t\t\t\t\t\t\t<\/div>\n\t\t\t\t<\/div>\n\t\t\t\t\t<\/div>\n\t\t<\/div>\n\t\t\t\t\t<\/div>\n\t\t<\/section>\n\t\t\t\t<section class=\"elementor-section elementor-top-section elementor-element elementor-element-b8ef830 elementor-section-boxed elementor-section-height-default elementor-section-height-default\" data-id=\"b8ef830\" data-element_type=\"section\" data-e-type=\"section\" data-settings=\"{&quot;_ha_eqh_enable&quot;:false}\">\n\t\t\t\t\t\t<div class=\"elementor-container elementor-column-gap-default\">\n\t\t\t\t\t<div class=\"elementor-column elementor-col-50 elementor-top-column elementor-element elementor-element-8455d86\" data-id=\"8455d86\" data-element_type=\"column\" data-e-type=\"column\">\n\t\t\t<div class=\"elementor-widget-wrap elementor-element-populated\">\n\t\t\t\t\t\t<div class=\"elementor-element elementor-element-4d99be2 elementor-widget elementor-widget-image\" data-id=\"4d99be2\" data-element_type=\"widget\" data-e-type=\"widget\" data-widget_type=\"image.default\">\n\t\t\t\t<div class=\"elementor-widget-container\">\n\t\t\t\t\t\t\t\t\t\t\t\t\t\t\t<img decoding=\"async\" src=\"https:\/\/discoverxanthi.com\/wp-content\/plugins\/elementor\/assets\/images\/placeholder.png\" title=\"\" alt=\"\" loading=\"lazy\" \/>\t\t\t\t\t\t\t\t\t\t\t\t\t\t\t<\/div>\n\t\t\t\t<\/div>\n\t\t\t\t\t<\/div>\n\t\t<\/div>\n\t\t\t\t<div class=\"elementor-column elementor-col-50 elementor-top-column elementor-element elementor-element-f4decfd\" data-id=\"f4decfd\" data-element_type=\"column\" data-e-type=\"column\">\n\t\t\t<div class=\"elementor-widget-wrap elementor-element-populated\">\n\t\t\t\t\t\t<div class=\"elementor-element elementor-element-9fa9f87 elementor-widget elementor-widget-heading\" data-id=\"9fa9f87\" data-element_type=\"widget\" data-e-type=\"widget\" data-widget_type=\"heading.default\">\n\t\t\t\t<div class=\"elementor-widget-container\">\n\t\t\t\t\t<h2 class=\"elementor-heading-title elementor-size-default\">S\u0102RB\u0102TORILE DIN ORA\u0218UL VECHI XANTHI<\/h2>\t\t\t\t<\/div>\n\t\t\t\t<\/div>\n\t\t\t\t<div class=\"elementor-element elementor-element-7ec48ce elementor-widget elementor-widget-text-editor\" data-id=\"7ec48ce\" data-element_type=\"widget\" data-e-type=\"widget\" data-widget_type=\"text-editor.default\">\n\t\t\t\t<div class=\"elementor-widget-container\">\n\t\t\t\t\t\t\t\t\t<p>\u00cen fiecare an, \u00een prima s\u0103pt\u0103m\u00e2n\u0103 din septembrie, ora\u0219ul Xanthi se \u00eentoarce la vremurile de demult. Mai exact, \u201eOra\u0219ul Vechi\u201d, a\u0219ezarea tradi\u021bional\u0103 conservat\u0103 din Xanthi, este inundat de muzic\u0103, ritm \u0219i dans, amintindu-ne de identitatea \u0219i patrimoniul nostru cultural. <\/p><p>\u00cencep\u00e2nd din 1991, festivalurile din ora\u0219ul vechi au fost acolo pentru a promova cultura, obiceiurile \u0219i tradi\u021biile tracilor. Aleile pietruite sunt pline de via\u021b\u0103 \u0219i ofer\u0103 distrac\u021bie \u0219i divertisment generos fiec\u0103rui vizitator. Hoin\u0103rind pe alei, ve\u021bi vizita cu siguran\u021b\u0103 locurile de \u00eent\u00e2lnire ale diferitelor cluburi \u0219i ve\u021bi gusta delicatese la gr\u0103tar, precum \u0219i m\u00e2nc\u0103ruri \u0219i dulciuri locale.<\/p>\t\t\t\t\t\t\t\t<\/div>\n\t\t\t\t<\/div>\n\t\t\t\t\t<\/div>\n\t\t<\/div>\n\t\t\t\t\t<\/div>\n\t\t<\/section>\n\t\t\t\t<section class=\"elementor-section elementor-top-section elementor-element elementor-element-b80be1c elementor-section-boxed elementor-section-height-default elementor-section-height-default\" data-id=\"b80be1c\" data-element_type=\"section\" data-e-type=\"section\" data-settings=\"{&quot;_ha_eqh_enable&quot;:false}\">\n\t\t\t\t\t\t<div class=\"elementor-container elementor-column-gap-default\">\n\t\t\t\t\t<div class=\"elementor-column elementor-col-50 elementor-top-column elementor-element elementor-element-b8f5e14\" data-id=\"b8f5e14\" data-element_type=\"column\" data-e-type=\"column\">\n\t\t\t<div class=\"elementor-widget-wrap elementor-element-populated\">\n\t\t\t\t\t\t<div class=\"elementor-element elementor-element-1d046d7 elementor-widget elementor-widget-image\" data-id=\"1d046d7\" data-element_type=\"widget\" data-e-type=\"widget\" data-widget_type=\"image.default\">\n\t\t\t\t<div class=\"elementor-widget-container\">\n\t\t\t\t\t\t\t\t\t\t\t\t\t\t\t<img decoding=\"async\" src=\"https:\/\/discoverxanthi.com\/wp-content\/plugins\/elementor\/assets\/images\/placeholder.png\" title=\"\" alt=\"\" loading=\"lazy\" \/>\t\t\t\t\t\t\t\t\t\t\t\t\t\t\t<\/div>\n\t\t\t\t<\/div>\n\t\t\t\t\t<\/div>\n\t\t<\/div>\n\t\t\t\t<div class=\"elementor-column elementor-col-50 elementor-top-column elementor-element elementor-element-7d9848d\" data-id=\"7d9848d\" data-element_type=\"column\" data-e-type=\"column\">\n\t\t\t<div class=\"elementor-widget-wrap elementor-element-populated\">\n\t\t\t\t\t\t<div class=\"elementor-element elementor-element-9e33bfd elementor-widget elementor-widget-heading\" data-id=\"9e33bfd\" data-element_type=\"widget\" data-e-type=\"widget\" data-widget_type=\"heading.default\">\n\t\t\t\t<div class=\"elementor-widget-container\">\n\t\t\t\t\t<h2 class=\"elementor-heading-title elementor-size-default\">XANTHI - ORA\u0218UL \u0218COLILOR DE MUZIC\u0102<\/h2>\t\t\t\t<\/div>\n\t\t\t\t<\/div>\n\t\t\t\t<div class=\"elementor-element elementor-element-ab1765d elementor-widget elementor-widget-text-editor\" data-id=\"ab1765d\" data-element_type=\"widget\" data-e-type=\"widget\" data-widget_type=\"text-editor.default\">\n\t\t\t\t<div class=\"elementor-widget-container\">\n\t\t\t\t\t\t\t\t\t<p>Un eveniment organizat de \u0219coala de muzic\u0103 din Xanthi \u00een colaborare cu Centrul Cultural al Municipalit\u0103\u021bii din Xanthi \u0219i Unitatea Regional\u0103 din Xanthi. \u00cen acest an, evenimentele vor avea loc \u00een perioada 3-7 mai, cu o varietate de activit\u0103\u021bi \u0219i oameni de art\u0103 renumi\u021bi. Ora\u0219ul este vizitat de mii de elevi ai \u0219colilor de muzic\u0103 din toat\u0103 Grecia \u0219i nu numai pentru a experimenta acest eveniment muzical \u0219i educa\u021bional unic. timp de cinci zile, Xanthi tr\u0103ie\u0219te o atmosfer\u0103 magic\u0103! Fiecare pia\u021b\u0103, fiecare cartier \u0219i fiecare col\u021b este inundat de muzic\u0103, melodii \u0219i dans.<\/p>\t\t\t\t\t\t\t\t<\/div>\n\t\t\t\t<\/div>\n\t\t\t\t\t<\/div>\n\t\t<\/div>\n\t\t\t\t\t<\/div>\n\t\t<\/section>\n\t\t\t\t<section class=\"elementor-section elementor-top-section elementor-element elementor-element-2ba219a elementor-section-boxed elementor-section-height-default elementor-section-height-default\" data-id=\"2ba219a\" data-element_type=\"section\" data-e-type=\"section\" data-settings=\"{&quot;_ha_eqh_enable&quot;:false}\">\n\t\t\t\t\t\t<div class=\"elementor-container elementor-column-gap-default\">\n\t\t\t\t\t<div class=\"elementor-column elementor-col-50 elementor-top-column elementor-element elementor-element-9372554\" data-id=\"9372554\" data-element_type=\"column\" data-e-type=\"column\">\n\t\t\t<div class=\"elementor-widget-wrap elementor-element-populated\">\n\t\t\t\t\t\t<div class=\"elementor-element elementor-element-af2ca70 elementor-widget elementor-widget-image\" data-id=\"af2ca70\" data-element_type=\"widget\" data-e-type=\"widget\" data-widget_type=\"image.default\">\n\t\t\t\t<div class=\"elementor-widget-container\">\n\t\t\t\t\t\t\t\t\t\t\t\t\t\t\t<img decoding=\"async\" src=\"https:\/\/discoverxanthi.com\/wp-content\/plugins\/elementor\/assets\/images\/placeholder.png\" title=\"\" alt=\"\" loading=\"lazy\" \/>\t\t\t\t\t\t\t\t\t\t\t\t\t\t\t<\/div>\n\t\t\t\t<\/div>\n\t\t\t\t\t<\/div>\n\t\t<\/div>\n\t\t\t\t<div class=\"elementor-column elementor-col-50 elementor-top-column elementor-element elementor-element-b1ba7d1\" data-id=\"b1ba7d1\" data-element_type=\"column\" data-e-type=\"column\">\n\t\t\t<div class=\"elementor-widget-wrap elementor-element-populated\">\n\t\t\t\t\t\t<div class=\"elementor-element elementor-element-8487ddd elementor-widget elementor-widget-heading\" data-id=\"8487ddd\" data-element_type=\"widget\" data-e-type=\"widget\" data-widget_type=\"heading.default\">\n\t\t\t\t<div class=\"elementor-widget-container\">\n\t\t\t\t\t<h2 class=\"elementor-heading-title elementor-size-default\">PETRECERI PENTRU TINERI<\/h2>\t\t\t\t<\/div>\n\t\t\t\t<\/div>\n\t\t\t\t<div class=\"elementor-element elementor-element-5dfc2d1 elementor-widget elementor-widget-text-editor\" data-id=\"5dfc2d1\" data-element_type=\"widget\" data-e-type=\"widget\" data-widget_type=\"text-editor.default\">\n\t\t\t\t<div class=\"elementor-widget-container\">\n\t\t\t\t\t\t\t\t\t<p>O institu\u021bie dedicat\u0103 micilor no\u0219tri prieteni. Evenimentele au loc la sf\u00e2r\u0219itul prim\u0103verii \u0219i pun \u00een valoare imagina\u021bia \u0219i creativitatea tinerilor no\u0219tri. la festivalurile tineretului, elevii pot fi protagoni\u0219ti pe scen\u0103 \u0219i, \u00een acela\u0219i timp, publicul de sub scen\u0103. Tineri \u0219i b\u0103tr\u00e2ni deopotriv\u0103 particip\u0103 cu entuziasm \u0219i entuziasm, consolid\u00e2nd aceast\u0103 institu\u021bie \u0219i amintindu-ne de identitatea dinamic\u0103 a cet\u0103\u021benilor no\u0219tri. Ora\u0219ul este din nou inundat de emo\u021bii frumoase \u0219i ne arat\u0103 drumul prin ochii copiilor care \u0219tiu s\u0103 viseze.<\/p>\t\t\t\t\t\t\t\t<\/div>\n\t\t\t\t<\/div>\n\t\t\t\t\t<\/div>\n\t\t<\/div>\n\t\t\t\t\t<\/div>\n\t\t<\/section>\n\t\t\t\t<section class=\"elementor-section elementor-top-section elementor-element elementor-element-4271ad1 elementor-section-full_width elementor-section-height-default elementor-section-height-default\" data-id=\"4271ad1\" data-element_type=\"section\" data-e-type=\"section\" data-settings=\"{&quot;background_background&quot;:&quot;classic&quot;,&quot;_ha_eqh_enable&quot;:false}\">\n\t\t\t\t\t\t<div class=\"elementor-container elementor-column-gap-default\">\n\t\t\t\t\t<div class=\"elementor-column elementor-col-100 elementor-top-column elementor-element elementor-element-3043ced\" data-id=\"3043ced\" data-element_type=\"column\" data-e-type=\"column\">\n\t\t\t<div class=\"elementor-widget-wrap elementor-element-populated\">\n\t\t\t\t\t\t<div class=\"elementor-element elementor-element-5e92205 elementor-widget elementor-widget-image\" data-id=\"5e92205\" data-element_type=\"widget\" data-e-type=\"widget\" data-widget_type=\"image.default\">\n\t\t\t\t<div class=\"elementor-widget-container\">\n\t\t\t\t\t\t\t\t\t\t\t\t\t\t\t\t<a href=\"\/ro\/advertising-registration\/\">\n\t\t\t\t\t\t\t<img decoding=\"async\" width=\"219\" height=\"35\" src=\"https:\/\/discoverxanthi.com\/wp-content\/uploads\/2024\/10\/AdIcon-RO.png\" class=\"attachment-full size-full wp-image-4801\" alt=\"\" srcset=\"https:\/\/discoverxanthi.com\/wp-content\/uploads\/2024\/10\/AdIcon-RO.png 219w, https:\/\/discoverxanthi.com\/wp-content\/uploads\/2024\/10\/AdIcon-RO-18x3.png 18w\" sizes=\"(max-width: 219px) 100vw, 219px\" \/>\t\t\t\t\t\t\t\t<\/a>\n\t\t\t\t\t\t\t\t\t\t\t\t\t\t\t<\/div>\n\t\t\t\t<\/div>\n\t\t\t\t\t<\/div>\n\t\t<\/div>\n\t\t\t\t\t<\/div>\n\t\t<\/section>\n\t\t\t\t<\/div>","protected":false},"excerpt":{"rendered":"<p>\u0395\u03bf\u03c1\u03c4\u03b1\u03c3\u03c4\u03b9\u03ba\u03bf\u03af \u0398\u03b5\u03c3\u03bc\u03bf\u03af \u0398\u03c1\u03ac\u03ba\u03b7\u03c2 \u0398\u03a1\u0391\u039a\u0399\u039a\u0395\u03a3 \u039b\u0391\u039f\u0393\u03a1\u0391\u03a6\u0399\u039a\u0395\u03a3 \u0395\u039a\u0394\u0397\u039b\u03a9\u03a3\u0395\u0399\u03a3 \u2013 \u039a\u0391\u03a1\u039d\u0391\u0392\u0391\u039b\u0399 \u039e\u0391\u039d\u0398\u0397\u03a3 \u039f\u03b9 \u0398\u03c1\u03b1\u03ba\u03b9\u03ba\u03ad\u03c2 \u03bb\u03b1\u03bf\u03b3\u03c1\u03b1\u03c6\u03b9\u03ba\u03ad\u03c2 \u03b5\u03ba\u03b4\u03b7\u03bb\u03ce\u03c3\u03b5\u03b9\u03c2 \u2013 \u039e\u03b1\u03bd\u03b8\u03b9\u03ce\u03c4\u03b9\u03ba\u03bf \u03ba\u03b1\u03c1\u03bd\u03b1\u03b2\u03ac\u03bb\u03b9, \u03b1\u03c0\u03bf\u03c4\u03b5\u03bb\u03bf\u03cd\u03bd \u03c4\u03bf\u03bd \u03c0\u03b1\u03bb\u03b1\u03b9\u03cc\u03c4\u03b5\u03c1\u03bf \u03c4\u03bf\u03c0\u03b9\u03ba\u03cc \u03b8\u03b5\u03c3\u03bc\u03cc \u03bc\u03b5 \u03b5\u03ba\u03ba\u03af\u03bd\u03b7\u03c3\u03b7 \u03c4\u03bf 1966. \u0393\u03b9\u03b1 \u03c0\u03ac\u03bd\u03c9 \u03b1\u03c0\u03cc \u03bc\u03b9\u03c3\u03cc \u03b1\u03b9\u03ce\u03bd\u03b1 \u03c0\u03c1\u03bf\u03c3\u03c6\u03ad\u03c1\u03b5\u03b9 \u03c3\u03c4\u03bf\u03c5\u03c2 \u03b5\u03c0\u03b9\u03c3\u03ba\u03ad\u03c0\u03c4\u03b5\u03c2 , \u03bc\u03b9\u03ba\u03c1\u03bf\u03cd\u03c2 \u03ba\u03b1\u03b9 \u03bc\u03b5\u03b3\u03ac\u03bb\u03bf\u03c5\u03c2, \u03bc\u03bf\u03bd\u03b1\u03b4\u03b9\u03ba\u03ad\u03c2 \u03c3\u03c4\u03b9\u03b3\u03bc\u03ad\u03c2 \u03c7\u03b1\u03c1\u03ac\u03c2, \u03be\u03ad\u03c6\u03c1\u03b5\u03bd\u03bf\u03c5 \u03b3\u03bb\u03b5\u03bd\u03c4\u03b9\u03bf\u03cd \u03ba\u03b1\u03b9 \u03b1\u03b9\u03c3\u03b9\u03bf\u03b4\u03bf\u03be\u03af\u03b1\u03c2. \u0393\u03b9\u03b1 \u03c0\u03b5\u03c1\u03af\u03c0\u03bf\u03c5 \u03b4\u03cd\u03bf \u03b5\u03b2\u03b4\u03bf\u03bc\u03ac\u03b4\u03b5\u03c2 \u03b7 \u03c0\u03cc\u03bb\u03b7 \u03c4\u03b7\u03c2 \u039e\u03ac\u03bd\u03b8\u03b7\u03c2 \u03bc\u03b1\u03c2 \u03c5\u03c0\u03bf\u03b4\u03ad\u03c7\u03b5\u03c4\u03b1\u03b9 \u03bc\u03b5&#8230;<\/p>","protected":false},"author":2,"featured_media":0,"parent":0,"menu_order":0,"comment_status":"closed","ping_status":"closed","template":"elementor_header_footer","meta":{"_kad_post_transparent":"","_kad_post_title":"hide","_kad_post_layout":"fullwidth","_kad_post_sidebar_id":"","_kad_post_content_style":"unboxed","_kad_post_vertical_padding":"hide","_kad_post_feature":"hide","_kad_post_feature_position":"","_kad_post_header":false,"_kad_post_footer":false,"_kad_post_classname":"","footnotes":""},"class_list":["post-136","page","type-page","status-publish","hentry"],"aioseo_notices":[],"_links":{"self":[{"href":"https:\/\/discoverxanthi.com\/ro\/wp-json\/wp\/v2\/pages\/136","targetHints":{"allow":["GET"]}}],"collection":[{"href":"https:\/\/discoverxanthi.com\/ro\/wp-json\/wp\/v2\/pages"}],"about":[{"href":"https:\/\/discoverxanthi.com\/ro\/wp-json\/wp\/v2\/types\/page"}],"author":[{"embeddable":true,"href":"https:\/\/discoverxanthi.com\/ro\/wp-json\/wp\/v2\/users\/2"}],"replies":[{"embeddable":true,"href":"https:\/\/discoverxanthi.com\/ro\/wp-json\/wp\/v2\/comments?post=136"}],"version-history":[{"count":22,"href":"https:\/\/discoverxanthi.com\/ro\/wp-json\/wp\/v2\/pages\/136\/revisions"}],"predecessor-version":[{"id":4840,"href":"https:\/\/discoverxanthi.com\/ro\/wp-json\/wp\/v2\/pages\/136\/revisions\/4840"}],"wp:attachment":[{"href":"https:\/\/discoverxanthi.com\/ro\/wp-json\/wp\/v2\/media?parent=136"}],"curies":[{"name":"wp","href":"https:\/\/api.w.org\/{rel}","templated":true}]}}