{"id":266,"date":"2022-12-18T12:09:33","date_gmt":"2022-12-18T10:09:33","guid":{"rendered":"https:\/\/discoverxanthi.com\/?page_id=266"},"modified":"2022-12-18T13:44:52","modified_gmt":"2022-12-18T11:44:52","slug":"palia-poli-aksiotheata","status":"publish","type":"page","link":"https:\/\/discoverxanthi.com\/ro\/palia-poli-aksiotheata\/","title":{"rendered":"\u03a0\u03b1\u03bb\u03b9\u03ac \u03a0\u03cc\u03bb\u03b7 \u0391\u03be\u03b9\u03bf\u03b8\u03ad\u03b1\u03c4\u03b1"},"content":{"rendered":"<div data-elementor-type=\"wp-page\" data-elementor-id=\"266\" class=\"elementor elementor-266\" data-elementor-settings=\"{&quot;ha_cmc_init_switcher&quot;:&quot;no&quot;}\" data-elementor-post-type=\"page\">\n\t\t\t\t\t\t<section class=\"elementor-section elementor-top-section elementor-element elementor-element-ac4f7de elementor-section-boxed elementor-section-height-default elementor-section-height-default\" data-id=\"ac4f7de\" data-element_type=\"section\" data-e-type=\"section\" data-settings=\"{&quot;_ha_eqh_enable&quot;:false}\">\n\t\t\t\t\t\t<div class=\"elementor-container elementor-column-gap-default\">\n\t\t\t\t\t<div class=\"elementor-column elementor-col-100 elementor-top-column elementor-element elementor-element-ce47e26\" data-id=\"ce47e26\" data-element_type=\"column\" data-e-type=\"column\">\n\t\t\t<div class=\"elementor-widget-wrap elementor-element-populated\">\n\t\t\t\t\t\t<div class=\"elementor-element elementor-element-399226b elementor-view-default elementor-position-block-start elementor-mobile-position-block-start elementor-widget elementor-widget-icon-box\" data-id=\"399226b\" data-element_type=\"widget\" data-e-type=\"widget\" data-widget_type=\"icon-box.default\">\n\t\t\t\t<div class=\"elementor-widget-container\">\n\t\t\t\t\t\t\t<div class=\"elementor-icon-box-wrapper\">\n\n\t\t\t\t\t\t<div class=\"elementor-icon-box-icon\">\n\t\t\t\t<span  class=\"elementor-icon\">\n\t\t\t\t<svg xmlns=\"http:\/\/www.w3.org\/2000\/svg\" xmlns:xlink=\"http:\/\/www.w3.org\/1999\/xlink\" id=\"Layer_1\" x=\"0px\" y=\"0px\" viewbox=\"0 0 200 200\" style=\"enable-background:new 0 0 200 200;\" xml:space=\"preserve\"><style type=\"text\/css\">\t.st0{fill:#0E605D;}\t.st1{fill:none;}<\/style><g>\t<path class=\"st0\" d=\"M0,0v200h200V0H0z M180.49,160.45H19.51V19.54h160.97V160.45z\"><\/path>\t<g>\t\t<g>\t\t\t<g>\t\t\t\t<path class=\"st0\" d=\"M99.89,116.87c-13.65,0-24.76-11.11-24.76-24.76s11.11-24.76,24.76-24.76s24.76,11.11,24.76,24.76     S113.55,116.87,99.89,116.87z M99.89,68.69c-12.91,0-23.42,10.51-23.42,23.42s10.51,23.42,23.42,23.42     c12.91,0,23.42-10.51,23.42-23.42S112.81,68.69,99.89,68.69z\"><\/path>\t\t\t<\/g>\t\t\t<path class=\"st0\" d=\"M99.89,73.12c-10.49,0-18.99,8.5-18.99,18.99s8.5,18.99,18.99,18.99s18.99-8.5,18.99-18.99    S110.38,73.12,99.89,73.12z M99.89,78.66c-7.42,0-13.45,6.03-13.45,13.45H85.1c0-8.16,6.64-14.79,14.79-14.79V78.66z\"><\/path>\t\t\t<path class=\"st0\" d=\"M144.42,57.79H74.46v-2.55c0-0.9-0.73-1.64-1.64-1.64H61.35c-0.9,0-1.64,0.73-1.64,1.64v2.55h-4.13    c-2.14,0-3.88,1.74-3.88,3.88v60.83c0,2.14,1.74,3.88,3.88,3.88h88.83c2.14,0,3.88-1.74,3.88-3.88V61.67    C148.3,59.53,146.56,57.79,144.42,57.79z M99.89,119.78c-15.28,0-27.67-12.39-27.67-27.67s12.39-27.67,27.67-27.67    s27.67,12.39,27.67,27.67S115.18,119.78,99.89,119.78z M139.19,68.02L139.19,68.02v0.01c0,2.88-2.34,5.22-5.22,5.22h-0.01h-4.28    h-0.01c-2.88,0-5.22-2.34-5.22-5.22v-0.01v0V68c0-2.88,2.34-5.22,5.22-5.22h0.01h4.28h0.01c2.88,0,5.22,2.34,5.22,5.22V68.02z\"><\/path>\t\t<\/g>\t<\/g><\/g><rect x=\"-404.88\" y=\"75.15\" class=\"st1\" width=\"200\" height=\"200\"><\/rect><\/svg>\t\t\t\t<\/span>\n\t\t\t<\/div>\n\t\t\t\n\t\t\t\t\t\t<div class=\"elementor-icon-box-content\">\n\n\t\t\t\t\t\t\t\t\t<h2 class=\"elementor-icon-box-title\">\n\t\t\t\t\t\t<span  >\n\t\t\t\t\t\t\t\u03a0\u03b1\u03bb\u03b9\u03ac\u03c2 \u03a0\u03cc\u03bb\u03b7\u03c2 \u0391\u03be\u03b9\u03bf\u03b8\u03ad\u03b1\u03c4\u03b1\t\t\t\t\t\t<\/span>\n\t\t\t\t\t<\/h2>\n\t\t\t\t\n\t\t\t\t\n\t\t\t<\/div>\n\t\t\t\n\t\t<\/div>\n\t\t\t\t\t\t<\/div>\n\t\t\t\t<\/div>\n\t\t\t\t<div class=\"elementor-element elementor-element-2779f61 elementor-widget elementor-widget-text-editor\" data-id=\"2779f61\" data-element_type=\"widget\" data-e-type=\"widget\" data-widget_type=\"text-editor.default\">\n\t\t\t\t<div class=\"elementor-widget-container\">\n\t\t\t\t\t\t\t\t\t<p><span class=\"tojvnm2t a6sixzi8 abs2jz4q a8s20v7p t1p8iaqh k5wvi7nf q3lfd5jv pk4s997a bipmatt0 cebpdrjk qowsmv63 owwhemhu dp1hu0rb dhp61c6y iyyx5f41\">\u201c<\/span>&#8230;\u201d<\/p>\t\t\t\t\t\t\t\t<\/div>\n\t\t\t\t<\/div>\n\t\t\t\t\t<\/div>\n\t\t<\/div>\n\t\t\t\t\t<\/div>\n\t\t<\/section>\n\t\t\t\t<section class=\"elementor-section elementor-top-section elementor-element elementor-element-2eba83b elementor-section-boxed elementor-section-height-default elementor-section-height-default\" data-id=\"2eba83b\" data-element_type=\"section\" data-e-type=\"section\" data-settings=\"{&quot;_ha_eqh_enable&quot;:false}\">\n\t\t\t\t\t\t<div class=\"elementor-container elementor-column-gap-default\">\n\t\t\t\t\t<div class=\"elementor-column elementor-col-100 elementor-top-column elementor-element elementor-element-9ef930a\" data-id=\"9ef930a\" data-element_type=\"column\" data-e-type=\"column\">\n\t\t\t<div class=\"elementor-widget-wrap elementor-element-populated\">\n\t\t\t\t\t\t<section class=\"elementor-section elementor-inner-section elementor-element elementor-element-a6853bd elementor-section-boxed elementor-section-height-default elementor-section-height-default\" data-id=\"a6853bd\" data-element_type=\"section\" data-e-type=\"section\" data-settings=\"{&quot;_ha_eqh_enable&quot;:false}\">\n\t\t\t\t\t\t<div class=\"elementor-container elementor-column-gap-default\">\n\t\t\t\t\t<div class=\"elementor-column elementor-col-50 elementor-inner-column elementor-element elementor-element-278ab82\" data-id=\"278ab82\" data-element_type=\"column\" data-e-type=\"column\">\n\t\t\t<div class=\"elementor-widget-wrap elementor-element-populated\">\n\t\t\t\t\t\t<div class=\"elementor-element elementor-element-4613e8c elementor-widget elementor-widget-image\" data-id=\"4613e8c\" data-element_type=\"widget\" data-e-type=\"widget\" data-widget_type=\"image.default\">\n\t\t\t\t<div class=\"elementor-widget-container\">\n\t\t\t\t\t\t\t\t\t\t\t\t\t\t\t<img decoding=\"async\" src=\"https:\/\/discoverxanthi.com\/wp-content\/plugins\/elementor\/assets\/images\/placeholder.png\" title=\"\" alt=\"\" loading=\"lazy\" \/>\t\t\t\t\t\t\t\t\t\t\t\t\t\t\t<\/div>\n\t\t\t\t<\/div>\n\t\t\t\t\t<\/div>\n\t\t<\/div>\n\t\t\t\t<div class=\"elementor-column elementor-col-50 elementor-inner-column elementor-element elementor-element-4f0da21\" data-id=\"4f0da21\" data-element_type=\"column\" data-e-type=\"column\">\n\t\t\t<div class=\"elementor-widget-wrap elementor-element-populated\">\n\t\t\t\t\t\t<div class=\"elementor-element elementor-element-0f880db elementor-widget elementor-widget-heading\" data-id=\"0f880db\" data-element_type=\"widget\" data-e-type=\"widget\" data-widget_type=\"heading.default\">\n\t\t\t\t<div class=\"elementor-widget-container\">\n\t\t\t\t\t<h2 class=\"elementor-heading-title elementor-size-default\">Ora\u0219ul Vechi<\/h2>\t\t\t\t<\/div>\n\t\t\t\t<\/div>\n\t\t\t\t<div class=\"elementor-element elementor-element-9b76b0c elementor-widget elementor-widget-text-editor\" data-id=\"9b76b0c\" data-element_type=\"widget\" data-e-type=\"widget\" data-widget_type=\"text-editor.default\">\n\t\t\t\t<div class=\"elementor-widget-container\">\n\t\t\t\t\t\t\t\t\t<p>\u03a4\u03bf 1.830 \u03bc.\u03a7. \u03ac\u03c1\u03c7\u03b9\u03c3\u03b5 \u03b7 \u03bf\u03b9\u03ba\u03bf\u03b4\u03cc\u03bc\u03b7\u03c3\u03b7 \u03c4\u03b7\u03c2 \u03c3\u03b7\u03bc\u03b5\u03c1\u03b9\u03bd\u03ae\u03c2 \u03c0\u03b1\u03bb\u03b1\u03b9\u03ac\u03c2 \u03c0\u03cc\u03bb\u03b7\u03c2. \u039a\u03b1\u03c4\u03bf\u03b9\u03ba\u03b5\u03af\u03c4\u03b1\u03b9 \u03b1\u03c0\u03cc \u03c0\u03b5\u03c1\u03af\u03c0\u03bf\u03c5 9.000 \u03ba\u03b1\u03c4\u03bf\u03af\u03ba\u03bf\u03c5\u03c2 \u03bc\u03b5 \u03bf\u03b9\u03ba\u03bf\u03bd\u03bf\u03bc\u03b9\u03ba\u03ae \u03ac\u03bd\u03b5\u03c3\u03b7 \u03ba\u03b1\u03b9 \u03bf \u03c0\u03bb\u03bf\u03cd\u03c4\u03bf\u03c2 \u03c0\u03c1\u03bf\u03ad\u03c1\u03c7\u03b5\u03c4\u03b1\u03b9 \u03ba\u03c5\u03c1\u03af\u03c9\u03c2 \u03b1\u03c0\u03cc \u03c4\u03b7\u03bd \u03ba\u03b1\u03bb\u03bb\u03b9\u03ad\u03c1\u03b3\u03b5\u03b9\u03b1 \u03ba\u03b1\u03b9 \u03b5\u03bc\u03c0\u03cc\u03c1\u03b9\u03bf \u03ba\u03b1\u03c0\u03bd\u03bf\u03cd.<\/p><p>\u03a3\u03ae\u03bc\u03b5\u03c1\u03b1 \u03b7 \u03a0\u03b1\u03bb\u03b1\u03b9\u03ac \u03a0\u03cc\u03bb\u03b7 \u03b5\u03af\u03bd\u03b1\u03b9 \u03b1\u03c0\u03bb\u03ac \u03c5\u03c0\u03ad\u03c1\u03bf\u03c7\u03b7. \u039f \u03c0\u03b5\u03c1\u03af\u03c0\u03b1\u03c4\u03bf\u03c2 \u03c3\u03c4\u03b1 \u03c3\u03c4\u03b5\u03bd\u03ac \u03c4\u03b7\u03c2 \u03c3\u03c5\u03bd\u03b4\u03c5\u03ac\u03b6\u03b5\u03b9 \u03b1\u03c1\u03bc\u03bf\u03bd\u03b9\u03ba\u03ac \u03c4\u03bf \u03c0\u03b1\u03c1\u03b5\u03bb\u03b8\u03cc\u03bd \u03ba\u03b1\u03b9 \u03c4\u03bf \u03c3\u03ae\u03bc\u03b5\u03c1\u03b1. \u0391\u03bd\u03b1\u03ba\u03b1\u03bb\u03cd\u03c8\u03c4\u03b5 \u03c4\u03b7\u03bd \u03b1\u03c1\u03c7\u03b9\u03c4\u03b5\u03ba\u03c4\u03bf\u03bd\u03b9\u03ba\u03ae \u03c4\u03c9\u03bd \u03ba\u03c4\u03b9\u03c1\u03af\u03c9\u03bd, \u03c4\u03bf\u03c5\u03c2 \u03c0\u03b1\u03c1\u03b1\u03b4\u03bf\u03c3\u03b9\u03b1\u03ba\u03bf\u03cd\u03c2 \u03ba\u03b1\u03c6\u03b5\u03bd\u03ad\u03b4\u03b5\u03c2 \u03ba\u03b1\u03b9 \u03c4\u03b7 \u0398\u03c1\u03b1\u03ba\u03b9\u03ce\u03c4\u03b9\u03ba\u03b7 \u03ba\u03bf\u03c5\u03b6\u03af\u03bd\u03b1. \u0391\u03c6\u03b5\u03b8\u03b5\u03af\u03c4\u03b5 \u03c3\u03c4\u03b1 \u03c3\u03bf\u03ba\u03ac\u03ba\u03b9\u03b1 \u03c4\u03b7\u03c2 \u03c0\u03cc\u03bb\u03b7\u03c2 \u03ba\u03b1\u03b9 \u03b1\u03c0\u03bf\u03bb\u03b1\u03cd\u03c3\u03c4\u03b5 \u03c4\u03bf \u03c4\u03b1\u03be\u03af\u03b4\u03b9 \u03c3\u03c4\u03bf \u03c7\u03c1\u03cc\u03bd\u03bf.<\/p>\t\t\t\t\t\t\t\t<\/div>\n\t\t\t\t<\/div>\n\t\t\t\t<div class=\"elementor-element elementor-element-446c57b elementor-widget elementor-widget-button\" data-id=\"446c57b\" data-element_type=\"widget\" data-e-type=\"widget\" data-widget_type=\"button.default\">\n\t\t\t\t<div class=\"elementor-widget-container\">\n\t\t\t\t\t\t\t\t\t<div class=\"elementor-button-wrapper\">\n\t\t\t\t\t<a class=\"elementor-button elementor-button-link elementor-size-sm\" href=\"https:\/\/goo.gl\/maps\/SGyYeGH6zLxZFVNo6\">\n\t\t\t\t\t\t<span class=\"elementor-button-content-wrapper\">\n\t\t\t\t\t\t\t\t\t<span class=\"elementor-button-text\">Vezi-l pe hart\u0103<\/span>\n\t\t\t\t\t<\/span>\n\t\t\t\t\t<\/a>\n\t\t\t\t<\/div>\n\t\t\t\t\t\t\t\t<\/div>\n\t\t\t\t<\/div>\n\t\t\t\t\t<\/div>\n\t\t<\/div>\n\t\t\t\t\t<\/div>\n\t\t<\/section>\n\t\t\t\t<section class=\"elementor-section elementor-inner-section elementor-element elementor-element-91655e1 elementor-section-boxed elementor-section-height-default elementor-section-height-default\" data-id=\"91655e1\" data-element_type=\"section\" data-e-type=\"section\" data-settings=\"{&quot;_ha_eqh_enable&quot;:false}\">\n\t\t\t\t\t\t<div class=\"elementor-container elementor-column-gap-default\">\n\t\t\t\t\t<div class=\"elementor-column elementor-col-50 elementor-inner-column elementor-element elementor-element-2977ee0\" data-id=\"2977ee0\" data-element_type=\"column\" data-e-type=\"column\">\n\t\t\t<div class=\"elementor-widget-wrap elementor-element-populated\">\n\t\t\t\t\t\t<div class=\"elementor-element elementor-element-3e02ced elementor-widget elementor-widget-image\" data-id=\"3e02ced\" data-element_type=\"widget\" data-e-type=\"widget\" data-widget_type=\"image.default\">\n\t\t\t\t<div class=\"elementor-widget-container\">\n\t\t\t\t\t\t\t\t\t\t\t\t\t\t\t<img decoding=\"async\" src=\"https:\/\/discoverxanthi.com\/wp-content\/plugins\/elementor\/assets\/images\/placeholder.png\" title=\"\" alt=\"\" loading=\"lazy\" \/>\t\t\t\t\t\t\t\t\t\t\t\t\t\t\t<\/div>\n\t\t\t\t<\/div>\n\t\t\t\t\t<\/div>\n\t\t<\/div>\n\t\t\t\t<div class=\"elementor-column elementor-col-50 elementor-inner-column elementor-element elementor-element-92034e9\" data-id=\"92034e9\" data-element_type=\"column\" data-e-type=\"column\">\n\t\t\t<div class=\"elementor-widget-wrap elementor-element-populated\">\n\t\t\t\t\t\t<div class=\"elementor-element elementor-element-cd0c18a elementor-widget elementor-widget-heading\" data-id=\"cd0c18a\" data-element_type=\"widget\" data-e-type=\"widget\" data-widget_type=\"heading.default\">\n\t\t\t\t<div class=\"elementor-widget-container\">\n\t\t\t\t\t<h2 class=\"elementor-heading-title elementor-size-default\">Casa Umbrelor<\/h2>\t\t\t\t<\/div>\n\t\t\t\t<\/div>\n\t\t\t\t<div class=\"elementor-element elementor-element-16a1dcd elementor-widget elementor-widget-text-editor\" data-id=\"16a1dcd\" data-element_type=\"widget\" data-e-type=\"widget\" data-widget_type=\"text-editor.default\">\n\t\t\t\t<div class=\"elementor-widget-container\">\n\t\t\t\t\t\t\t\t\t<p>Casa \u00een care lumina picteaz\u0103 pere\u021bii \u0219i dezv\u0103luie secretele lumii. \u00cen spa\u021biu, ve\u021bi g\u0103si lucr\u0103rile elaborate ale. <strong><a href=\"https:\/\/vaitsis.com\">\u03a4\u03c1\u03b9\u03b1\u03bd\u03c4\u03ac\u03c6\u03c5\u03bb\u03bb\u03bf\u03c5 \u0392\u03b1\u0390\u03c4\u03c3\u03b7<\/a><\/strong>.<\/p>\t\t\t\t\t\t\t\t<\/div>\n\t\t\t\t<\/div>\n\t\t\t\t<div class=\"elementor-element elementor-element-da4877f elementor-widget elementor-widget-button\" data-id=\"da4877f\" data-element_type=\"widget\" data-e-type=\"widget\" data-widget_type=\"button.default\">\n\t\t\t\t<div class=\"elementor-widget-container\">\n\t\t\t\t\t\t\t\t\t<div class=\"elementor-button-wrapper\">\n\t\t\t\t\t<a class=\"elementor-button elementor-button-link elementor-size-sm\" href=\"https:\/\/goo.gl\/maps\/T7gw5uQ4Apk8eTBB6\">\n\t\t\t\t\t\t<span class=\"elementor-button-content-wrapper\">\n\t\t\t\t\t\t\t\t\t<span class=\"elementor-button-text\">Vezi-l pe hart\u0103<\/span>\n\t\t\t\t\t<\/span>\n\t\t\t\t\t<\/a>\n\t\t\t\t<\/div>\n\t\t\t\t\t\t\t\t<\/div>\n\t\t\t\t<\/div>\n\t\t\t\t\t<\/div>\n\t\t<\/div>\n\t\t\t\t\t<\/div>\n\t\t<\/section>\n\t\t\t\t<section class=\"elementor-section elementor-inner-section elementor-element elementor-element-36bad24 elementor-section-boxed elementor-section-height-default elementor-section-height-default\" data-id=\"36bad24\" data-element_type=\"section\" data-e-type=\"section\" data-settings=\"{&quot;_ha_eqh_enable&quot;:false}\">\n\t\t\t\t\t\t<div class=\"elementor-container elementor-column-gap-default\">\n\t\t\t\t\t<div class=\"elementor-column elementor-col-50 elementor-inner-column elementor-element elementor-element-9c87ebc\" data-id=\"9c87ebc\" data-element_type=\"column\" data-e-type=\"column\">\n\t\t\t<div class=\"elementor-widget-wrap elementor-element-populated\">\n\t\t\t\t\t\t<div class=\"elementor-element elementor-element-089465a elementor-widget elementor-widget-image\" data-id=\"089465a\" data-element_type=\"widget\" data-e-type=\"widget\" data-widget_type=\"image.default\">\n\t\t\t\t<div class=\"elementor-widget-container\">\n\t\t\t\t\t\t\t\t\t\t\t\t\t\t\t<img decoding=\"async\" src=\"https:\/\/discoverxanthi.com\/wp-content\/plugins\/elementor\/assets\/images\/placeholder.png\" title=\"\" alt=\"\" loading=\"lazy\" \/>\t\t\t\t\t\t\t\t\t\t\t\t\t\t\t<\/div>\n\t\t\t\t<\/div>\n\t\t\t\t\t<\/div>\n\t\t<\/div>\n\t\t\t\t<div class=\"elementor-column elementor-col-50 elementor-inner-column elementor-element elementor-element-8c1a230\" data-id=\"8c1a230\" data-element_type=\"column\" data-e-type=\"column\">\n\t\t\t<div class=\"elementor-widget-wrap elementor-element-populated\">\n\t\t\t\t\t\t<div class=\"elementor-element elementor-element-671ac55 elementor-widget elementor-widget-heading\" data-id=\"671ac55\" data-element_type=\"widget\" data-e-type=\"widget\" data-widget_type=\"heading.default\">\n\t\t\t\t<div class=\"elementor-widget-container\">\n\t\t\t\t\t<h2 class=\"elementor-heading-title elementor-size-default\">Muzeul de Etnografie \u0219i Istorie<\/h2>\t\t\t\t<\/div>\n\t\t\t\t<\/div>\n\t\t\t\t<div class=\"elementor-element elementor-element-ff72ec7 elementor-widget elementor-widget-text-editor\" data-id=\"ff72ec7\" data-element_type=\"widget\" data-e-type=\"widget\" data-widget_type=\"text-editor.default\">\n\t\t\t\t<div class=\"elementor-widget-container\">\n\t\t\t\t\t\t\t\t\t<p>Muzeul este g\u0103zduit \u00een casele comercian\u021bilor de tutun Kouyoumtzoglou \u0219i Kaloudis, construite \u00een secolul al XIX-lea. \u00cen interior, sunt recreate re\u0219edin\u021bele luxoase ale vremii \u0219i se ofer\u0103 informa\u021bii despre locul \u0219i stilul de via\u021b\u0103 al locuitorilor. Prin traseul istoric \u0219i turul ghidat al muzeului, descoperi\u021bi artele, comer\u021bul, obiceiurile \u0219i tradi\u021biile Traciei.<\/p>\t\t\t\t\t\t\t\t<\/div>\n\t\t\t\t<\/div>\n\t\t\t\t<div class=\"elementor-element elementor-element-ea4178b elementor-widget elementor-widget-button\" data-id=\"ea4178b\" data-element_type=\"widget\" data-e-type=\"widget\" data-widget_type=\"button.default\">\n\t\t\t\t<div class=\"elementor-widget-container\">\n\t\t\t\t\t\t\t\t\t<div class=\"elementor-button-wrapper\">\n\t\t\t\t\t<a class=\"elementor-button elementor-button-link elementor-size-sm\" href=\"https:\/\/goo.gl\/maps\/mEXkkX6sBfPqabZS7\">\n\t\t\t\t\t\t<span class=\"elementor-button-content-wrapper\">\n\t\t\t\t\t\t\t\t\t<span class=\"elementor-button-text\">Vezi-l pe hart\u0103<\/span>\n\t\t\t\t\t<\/span>\n\t\t\t\t\t<\/a>\n\t\t\t\t<\/div>\n\t\t\t\t\t\t\t\t<\/div>\n\t\t\t\t<\/div>\n\t\t\t\t\t<\/div>\n\t\t<\/div>\n\t\t\t\t\t<\/div>\n\t\t<\/section>\n\t\t\t\t<section class=\"elementor-section elementor-inner-section elementor-element elementor-element-a14c757 elementor-section-boxed elementor-section-height-default elementor-section-height-default\" data-id=\"a14c757\" data-element_type=\"section\" data-e-type=\"section\" data-settings=\"{&quot;_ha_eqh_enable&quot;:false}\">\n\t\t\t\t\t\t<div class=\"elementor-container elementor-column-gap-default\">\n\t\t\t\t\t<div class=\"elementor-column elementor-col-50 elementor-inner-column elementor-element elementor-element-8ca70aa\" data-id=\"8ca70aa\" data-element_type=\"column\" data-e-type=\"column\">\n\t\t\t<div class=\"elementor-widget-wrap elementor-element-populated\">\n\t\t\t\t\t\t<div class=\"elementor-element elementor-element-93a3c8e elementor-widget elementor-widget-image\" data-id=\"93a3c8e\" data-element_type=\"widget\" data-e-type=\"widget\" data-widget_type=\"image.default\">\n\t\t\t\t<div class=\"elementor-widget-container\">\n\t\t\t\t\t\t\t\t\t\t\t\t\t\t\t<img decoding=\"async\" src=\"https:\/\/discoverxanthi.com\/wp-content\/plugins\/elementor\/assets\/images\/placeholder.png\" title=\"\" alt=\"\" loading=\"lazy\" \/>\t\t\t\t\t\t\t\t\t\t\t\t\t\t\t<\/div>\n\t\t\t\t<\/div>\n\t\t\t\t\t<\/div>\n\t\t<\/div>\n\t\t\t\t<div class=\"elementor-column elementor-col-50 elementor-inner-column elementor-element elementor-element-3b191d3\" data-id=\"3b191d3\" data-element_type=\"column\" data-e-type=\"column\">\n\t\t\t<div class=\"elementor-widget-wrap elementor-element-populated\">\n\t\t\t\t\t\t<div class=\"elementor-element elementor-element-47f5c84 elementor-widget elementor-widget-heading\" data-id=\"47f5c84\" data-element_type=\"widget\" data-e-type=\"widget\" data-widget_type=\"heading.default\">\n\t\t\t\t<div class=\"elementor-widget-container\">\n\t\t\t\t\t<h2 class=\"elementor-heading-title elementor-size-default\">Galeria de Arte a Municipiului<\/h2>\t\t\t\t<\/div>\n\t\t\t\t<\/div>\n\t\t\t\t<div class=\"elementor-element elementor-element-f426503 elementor-widget elementor-widget-text-editor\" data-id=\"f426503\" data-element_type=\"widget\" data-e-type=\"widget\" data-widget_type=\"text-editor.default\">\n\t\t\t\t<div class=\"elementor-widget-container\">\n\t\t\t\t\t\t\t\t\t<p>Galeria poart\u0103 numele lui 'Hristos Pavlidis', un pictor renumit al ora\u0219ului \u0219i este g\u0103zduit\u0103 \u00een conacul familiei Kalevra. Bucura\u021bi-v\u0103 de tablourile superbe ale arti\u0219tilor din zona mai veche \u0219i mai nou\u0103.<\/p>\t\t\t\t\t\t\t\t<\/div>\n\t\t\t\t<\/div>\n\t\t\t\t<div class=\"elementor-element elementor-element-dff71e7 elementor-widget elementor-widget-button\" data-id=\"dff71e7\" data-element_type=\"widget\" data-e-type=\"widget\" data-widget_type=\"button.default\">\n\t\t\t\t<div class=\"elementor-widget-container\">\n\t\t\t\t\t\t\t\t\t<div class=\"elementor-button-wrapper\">\n\t\t\t\t\t<a class=\"elementor-button elementor-button-link elementor-size-sm\" href=\"https:\/\/goo.gl\/maps\/MbiKSDfPoqUvWPKQA\">\n\t\t\t\t\t\t<span class=\"elementor-button-content-wrapper\">\n\t\t\t\t\t\t\t\t\t<span class=\"elementor-button-text\">Vezi-l pe hart\u0103<\/span>\n\t\t\t\t\t<\/span>\n\t\t\t\t\t<\/a>\n\t\t\t\t<\/div>\n\t\t\t\t\t\t\t\t<\/div>\n\t\t\t\t<\/div>\n\t\t\t\t\t<\/div>\n\t\t<\/div>\n\t\t\t\t\t<\/div>\n\t\t<\/section>\n\t\t\t\t<section class=\"elementor-section elementor-inner-section elementor-element elementor-element-fcdc5d7 elementor-section-boxed elementor-section-height-default elementor-section-height-default\" data-id=\"fcdc5d7\" data-element_type=\"section\" data-e-type=\"section\" data-settings=\"{&quot;_ha_eqh_enable&quot;:false}\">\n\t\t\t\t\t\t<div class=\"elementor-container elementor-column-gap-default\">\n\t\t\t\t\t<div class=\"elementor-column elementor-col-50 elementor-inner-column elementor-element elementor-element-2d3b728\" data-id=\"2d3b728\" data-element_type=\"column\" data-e-type=\"column\">\n\t\t\t<div class=\"elementor-widget-wrap elementor-element-populated\">\n\t\t\t\t\t\t<div class=\"elementor-element elementor-element-8dc19bb elementor-widget elementor-widget-image\" data-id=\"8dc19bb\" data-element_type=\"widget\" data-e-type=\"widget\" data-widget_type=\"image.default\">\n\t\t\t\t<div class=\"elementor-widget-container\">\n\t\t\t\t\t\t\t\t\t\t\t\t\t\t\t<img decoding=\"async\" src=\"https:\/\/discoverxanthi.com\/wp-content\/plugins\/elementor\/assets\/images\/placeholder.png\" title=\"\" alt=\"\" loading=\"lazy\" \/>\t\t\t\t\t\t\t\t\t\t\t\t\t\t\t<\/div>\n\t\t\t\t<\/div>\n\t\t\t\t\t<\/div>\n\t\t<\/div>\n\t\t\t\t<div class=\"elementor-column elementor-col-50 elementor-inner-column elementor-element elementor-element-27393d6\" data-id=\"27393d6\" data-element_type=\"column\" data-e-type=\"column\">\n\t\t\t<div class=\"elementor-widget-wrap elementor-element-populated\">\n\t\t\t\t\t\t<div class=\"elementor-element elementor-element-63a4a9a elementor-widget elementor-widget-heading\" data-id=\"63a4a9a\" data-element_type=\"widget\" data-e-type=\"widget\" data-widget_type=\"heading.default\">\n\t\t\t\t<div class=\"elementor-widget-container\">\n\t\t\t\t\t<h2 class=\"elementor-heading-title elementor-size-default\">Locuin\u021ba na\u0219terii lui Manos Hadjidakis<\/h2>\t\t\t\t<\/div>\n\t\t\t\t<\/div>\n\t\t\t\t<div class=\"elementor-element elementor-element-e27f4f4 elementor-widget elementor-widget-text-editor\" data-id=\"e27f4f4\" data-element_type=\"widget\" data-e-type=\"widget\" data-widget_type=\"text-editor.default\">\n\t\t\t\t<div class=\"elementor-widget-container\">\n\t\t\t\t\t\t\t\t\t<p>Un conac elegant din fermec\u0103torul Ora\u0219 Vechi este locul na\u0219terii marelui compozitor de muzic\u0103 Manos Hadjidakis. Cl\u0103direa a fost construit\u0103 cu elemente neoclasice \u0219i unele baroce la sf\u00e2r\u0219itul secolului al XVIII-lea. A apar\u021binut evreului Issac Daniel, unul dintre cei mai boga\u021bi ai vremii. Ast\u0103zi, este o oper\u0103 de art\u0103 \u0219i un monument istoric al Xanthi-ului \u0219i al culturii grece\u0219ti.<\/p>\t\t\t\t\t\t\t\t<\/div>\n\t\t\t\t<\/div>\n\t\t\t\t<div class=\"elementor-element elementor-element-673751d elementor-widget elementor-widget-button\" data-id=\"673751d\" data-element_type=\"widget\" data-e-type=\"widget\" data-widget_type=\"button.default\">\n\t\t\t\t<div class=\"elementor-widget-container\">\n\t\t\t\t\t\t\t\t\t<div class=\"elementor-button-wrapper\">\n\t\t\t\t\t<a class=\"elementor-button elementor-button-link elementor-size-sm\" href=\"https:\/\/goo.gl\/maps\/sFZ8S2o1rakAWdmy7\">\n\t\t\t\t\t\t<span class=\"elementor-button-content-wrapper\">\n\t\t\t\t\t\t\t\t\t<span class=\"elementor-button-text\">Vezi-l pe hart\u0103<\/span>\n\t\t\t\t\t<\/span>\n\t\t\t\t\t<\/a>\n\t\t\t\t<\/div>\n\t\t\t\t\t\t\t\t<\/div>\n\t\t\t\t<\/div>\n\t\t\t\t\t<\/div>\n\t\t<\/div>\n\t\t\t\t\t<\/div>\n\t\t<\/section>\n\t\t\t\t\t<\/div>\n\t\t<\/div>\n\t\t\t\t\t<\/div>\n\t\t<\/section>\n\t\t\t\t<\/div>","protected":false},"excerpt":{"rendered":"<p>\u03a0\u03b1\u03bb\u03b9\u03ac\u03c2 \u03a0\u03cc\u03bb\u03b7\u03c2 \u0391\u03be\u03b9\u03bf\u03b8\u03ad\u03b1\u03c4\u03b1 \u201c&#8230;\u201d \u03a0\u03b1\u03bb\u03b9\u03ac \u03a0\u03cc\u03bb\u03b7 \u03a4\u03bf 1.830 \u03bc.\u03a7. \u03ac\u03c1\u03c7\u03b9\u03c3\u03b5 \u03b7 \u03bf\u03b9\u03ba\u03bf\u03b4\u03cc\u03bc\u03b7\u03c3\u03b7 \u03c4\u03b7\u03c2 \u03c3\u03b7\u03bc\u03b5\u03c1\u03b9\u03bd\u03ae\u03c2 \u03c0\u03b1\u03bb\u03b1\u03b9\u03ac\u03c2 \u03c0\u03cc\u03bb\u03b7\u03c2. \u039a\u03b1\u03c4\u03bf\u03b9\u03ba\u03b5\u03af\u03c4\u03b1\u03b9 \u03b1\u03c0\u03cc \u03c0\u03b5\u03c1\u03af\u03c0\u03bf\u03c5 9.000 \u03ba\u03b1\u03c4\u03bf\u03af\u03ba\u03bf\u03c5\u03c2 \u03bc\u03b5 \u03bf\u03b9\u03ba\u03bf\u03bd\u03bf\u03bc\u03b9\u03ba\u03ae \u03ac\u03bd\u03b5\u03c3\u03b7 \u03ba\u03b1\u03b9 \u03bf \u03c0\u03bb\u03bf\u03cd\u03c4\u03bf\u03c2 \u03c0\u03c1\u03bf\u03ad\u03c1\u03c7\u03b5\u03c4\u03b1\u03b9 \u03ba\u03c5\u03c1\u03af\u03c9\u03c2 \u03b1\u03c0\u03cc \u03c4\u03b7\u03bd \u03ba\u03b1\u03bb\u03bb\u03b9\u03ad\u03c1\u03b3\u03b5\u03b9\u03b1 \u03ba\u03b1\u03b9 \u03b5\u03bc\u03c0\u03cc\u03c1\u03b9\u03bf \u03ba\u03b1\u03c0\u03bd\u03bf\u03cd. \u03a3\u03ae\u03bc\u03b5\u03c1\u03b1 \u03b7 \u03a0\u03b1\u03bb\u03b1\u03b9\u03ac \u03a0\u03cc\u03bb\u03b7 \u03b5\u03af\u03bd\u03b1\u03b9 \u03b1\u03c0\u03bb\u03ac \u03c5\u03c0\u03ad\u03c1\u03bf\u03c7\u03b7. \u039f \u03c0\u03b5\u03c1\u03af\u03c0\u03b1\u03c4\u03bf\u03c2 \u03c3\u03c4\u03b1 \u03c3\u03c4\u03b5\u03bd\u03ac \u03c4\u03b7\u03c2 \u03c3\u03c5\u03bd\u03b4\u03c5\u03ac\u03b6\u03b5\u03b9 \u03b1\u03c1\u03bc\u03bf\u03bd\u03b9\u03ba\u03ac \u03c4\u03bf \u03c0\u03b1\u03c1\u03b5\u03bb\u03b8\u03cc\u03bd \u03ba\u03b1\u03b9 \u03c4\u03bf \u03c3\u03ae\u03bc\u03b5\u03c1\u03b1. \u0391\u03bd\u03b1\u03ba\u03b1\u03bb\u03cd\u03c8\u03c4\u03b5&#8230;<\/p>","protected":false},"author":2,"featured_media":0,"parent":0,"menu_order":0,"comment_status":"closed","ping_status":"closed","template":"elementor_header_footer","meta":{"_kad_post_transparent":"","_kad_post_title":"hide","_kad_post_layout":"fullwidth","_kad_post_sidebar_id":"","_kad_post_content_style":"unboxed","_kad_post_vertical_padding":"hide","_kad_post_feature":"hide","_kad_post_feature_position":"","_kad_post_header":false,"_kad_post_footer":false,"_kad_post_classname":"","footnotes":""},"class_list":["post-266","page","type-page","status-publish","hentry"],"aioseo_notices":[],"_links":{"self":[{"href":"https:\/\/discoverxanthi.com\/ro\/wp-json\/wp\/v2\/pages\/266","targetHints":{"allow":["GET"]}}],"collection":[{"href":"https:\/\/discoverxanthi.com\/ro\/wp-json\/wp\/v2\/pages"}],"about":[{"href":"https:\/\/discoverxanthi.com\/ro\/wp-json\/wp\/v2\/types\/page"}],"author":[{"embeddable":true,"href":"https:\/\/discoverxanthi.com\/ro\/wp-json\/wp\/v2\/users\/2"}],"replies":[{"embeddable":true,"href":"https:\/\/discoverxanthi.com\/ro\/wp-json\/wp\/v2\/comments?post=266"}],"version-history":[{"count":13,"href":"https:\/\/discoverxanthi.com\/ro\/wp-json\/wp\/v2\/pages\/266\/revisions"}],"predecessor-version":[{"id":711,"href":"https:\/\/discoverxanthi.com\/ro\/wp-json\/wp\/v2\/pages\/266\/revisions\/711"}],"wp:attachment":[{"href":"https:\/\/discoverxanthi.com\/ro\/wp-json\/wp\/v2\/media?parent=266"}],"curies":[{"name":"wp","href":"https:\/\/api.w.org\/{rel}","templated":true}]}}