{"id":271,"date":"2022-12-18T12:10:26","date_gmt":"2022-12-18T10:10:26","guid":{"rendered":"https:\/\/discoverxanthi.com\/?page_id=271"},"modified":"2022-12-18T13:45:19","modified_gmt":"2022-12-18T11:45:19","slug":"ekklisiastikos-tourismos-aksiotheata","status":"publish","type":"page","link":"https:\/\/discoverxanthi.com\/ro\/ekklisiastikos-tourismos-aksiotheata\/","title":{"rendered":"\u0395\u03ba\u03ba\u03bb\u03b7\u03c3\u03b9\u03b1\u03c3\u03c4\u03b9\u03ba\u03cc\u03c2 \u03a4\u03bf\u03c5\u03c1\u03b9\u03bc\u03cc\u03c2 \u0391\u03be\u03b9\u03bf\u03b8\u03ad\u03b1\u03c4\u03b1"},"content":{"rendered":"<div data-elementor-type=\"wp-page\" data-elementor-id=\"271\" class=\"elementor elementor-271\" data-elementor-settings=\"{&quot;ha_cmc_init_switcher&quot;:&quot;no&quot;}\" data-elementor-post-type=\"page\">\n\t\t\t\t\t\t<section class=\"elementor-section elementor-top-section elementor-element elementor-element-2adace0 elementor-section-boxed elementor-section-height-default elementor-section-height-default\" data-id=\"2adace0\" data-element_type=\"section\" data-e-type=\"section\" data-settings=\"{&quot;_ha_eqh_enable&quot;:false}\">\n\t\t\t\t\t\t<div class=\"elementor-container elementor-column-gap-default\">\n\t\t\t\t\t<div class=\"elementor-column elementor-col-100 elementor-top-column elementor-element elementor-element-2e21182\" data-id=\"2e21182\" data-element_type=\"column\" data-e-type=\"column\">\n\t\t\t<div class=\"elementor-widget-wrap elementor-element-populated\">\n\t\t\t\t\t\t<div class=\"elementor-element elementor-element-0bcb75e elementor-view-default elementor-position-block-start elementor-mobile-position-block-start elementor-widget elementor-widget-icon-box\" data-id=\"0bcb75e\" data-element_type=\"widget\" data-e-type=\"widget\" data-widget_type=\"icon-box.default\">\n\t\t\t\t<div class=\"elementor-widget-container\">\n\t\t\t\t\t\t\t<div class=\"elementor-icon-box-wrapper\">\n\n\t\t\t\t\t\t<div class=\"elementor-icon-box-icon\">\n\t\t\t\t<span  class=\"elementor-icon\">\n\t\t\t\t<svg xmlns=\"http:\/\/www.w3.org\/2000\/svg\" xmlns:xlink=\"http:\/\/www.w3.org\/1999\/xlink\" id=\"Layer_1\" x=\"0px\" y=\"0px\" viewbox=\"0 0 200 200\" style=\"enable-background:new 0 0 200 200;\" xml:space=\"preserve\"><style type=\"text\/css\">\t.st0{fill:#0E605D;}\t.st1{fill:none;}<\/style><g>\t<path class=\"st0\" d=\"M0,0v200h200V0H0z M180.49,160.45H19.51V19.54h160.97V160.45z\"><\/path>\t<g>\t\t<g>\t\t\t<g>\t\t\t\t<path class=\"st0\" d=\"M99.89,116.87c-13.65,0-24.76-11.11-24.76-24.76s11.11-24.76,24.76-24.76s24.76,11.11,24.76,24.76     S113.55,116.87,99.89,116.87z M99.89,68.69c-12.91,0-23.42,10.51-23.42,23.42s10.51,23.42,23.42,23.42     c12.91,0,23.42-10.51,23.42-23.42S112.81,68.69,99.89,68.69z\"><\/path>\t\t\t<\/g>\t\t\t<path class=\"st0\" d=\"M99.89,73.12c-10.49,0-18.99,8.5-18.99,18.99s8.5,18.99,18.99,18.99s18.99-8.5,18.99-18.99    S110.38,73.12,99.89,73.12z M99.89,78.66c-7.42,0-13.45,6.03-13.45,13.45H85.1c0-8.16,6.64-14.79,14.79-14.79V78.66z\"><\/path>\t\t\t<path class=\"st0\" d=\"M144.42,57.79H74.46v-2.55c0-0.9-0.73-1.64-1.64-1.64H61.35c-0.9,0-1.64,0.73-1.64,1.64v2.55h-4.13    c-2.14,0-3.88,1.74-3.88,3.88v60.83c0,2.14,1.74,3.88,3.88,3.88h88.83c2.14,0,3.88-1.74,3.88-3.88V61.67    C148.3,59.53,146.56,57.79,144.42,57.79z M99.89,119.78c-15.28,0-27.67-12.39-27.67-27.67s12.39-27.67,27.67-27.67    s27.67,12.39,27.67,27.67S115.18,119.78,99.89,119.78z M139.19,68.02L139.19,68.02v0.01c0,2.88-2.34,5.22-5.22,5.22h-0.01h-4.28    h-0.01c-2.88,0-5.22-2.34-5.22-5.22v-0.01v0V68c0-2.88,2.34-5.22,5.22-5.22h0.01h4.28h0.01c2.88,0,5.22,2.34,5.22,5.22V68.02z\"><\/path>\t\t<\/g>\t<\/g><\/g><rect x=\"-404.88\" y=\"75.15\" class=\"st1\" width=\"200\" height=\"200\"><\/rect><\/svg>\t\t\t\t<\/span>\n\t\t\t<\/div>\n\t\t\t\n\t\t\t\t\t\t<div class=\"elementor-icon-box-content\">\n\n\t\t\t\t\t\t\t\t\t<h2 class=\"elementor-icon-box-title\">\n\t\t\t\t\t\t<span  >\n\t\t\t\t\t\t\t\u0395\u03ba\u03ba\u03bb\u03b7\u03c3\u03b9\u03b1\u03c3\u03c4\u03b9\u03ba\u03cc\u03c2 \u03a4\u03bf\u03c5\u03c1\u03b9\u03bc\u03cc\u03c2 \u0391\u03be\u03b9\u03bf\u03b8\u03ad\u03b1\u03c4\u03b1\t\t\t\t\t\t<\/span>\n\t\t\t\t\t<\/h2>\n\t\t\t\t\n\t\t\t\t\n\t\t\t<\/div>\n\t\t\t\n\t\t<\/div>\n\t\t\t\t\t\t<\/div>\n\t\t\t\t<\/div>\n\t\t\t\t<div class=\"elementor-element elementor-element-b87a16b elementor-widget elementor-widget-text-editor\" data-id=\"b87a16b\" data-element_type=\"widget\" data-e-type=\"widget\" data-widget_type=\"text-editor.default\">\n\t\t\t\t<div class=\"elementor-widget-container\">\n\t\t\t\t\t\t\t\t\t<p><span class=\"tojvnm2t a6sixzi8 abs2jz4q a8s20v7p t1p8iaqh k5wvi7nf q3lfd5jv pk4s997a bipmatt0 cebpdrjk qowsmv63 owwhemhu dp1hu0rb dhp61c6y iyyx5f41\">\u201c<\/span>&#8230;\u201d<\/p>\t\t\t\t\t\t\t\t<\/div>\n\t\t\t\t<\/div>\n\t\t\t\t\t<\/div>\n\t\t<\/div>\n\t\t\t\t\t<\/div>\n\t\t<\/section>\n\t\t\t\t<section class=\"elementor-section elementor-top-section elementor-element elementor-element-917f69c elementor-section-boxed elementor-section-height-default elementor-section-height-default\" data-id=\"917f69c\" data-element_type=\"section\" data-e-type=\"section\" data-settings=\"{&quot;_ha_eqh_enable&quot;:false}\">\n\t\t\t\t\t\t<div class=\"elementor-container elementor-column-gap-default\">\n\t\t\t\t\t<div class=\"elementor-column elementor-col-100 elementor-top-column elementor-element elementor-element-9194b5a\" data-id=\"9194b5a\" data-element_type=\"column\" data-e-type=\"column\">\n\t\t\t<div class=\"elementor-widget-wrap elementor-element-populated\">\n\t\t\t\t\t\t<section class=\"elementor-section elementor-inner-section elementor-element elementor-element-d3f4f34 elementor-section-boxed elementor-section-height-default elementor-section-height-default\" data-id=\"d3f4f34\" data-element_type=\"section\" data-e-type=\"section\" data-settings=\"{&quot;_ha_eqh_enable&quot;:false}\">\n\t\t\t\t\t\t<div class=\"elementor-container elementor-column-gap-default\">\n\t\t\t\t\t<div class=\"elementor-column elementor-col-50 elementor-inner-column elementor-element elementor-element-de01b8b\" data-id=\"de01b8b\" data-element_type=\"column\" data-e-type=\"column\">\n\t\t\t<div class=\"elementor-widget-wrap elementor-element-populated\">\n\t\t\t\t\t\t<div class=\"elementor-element elementor-element-c946cce elementor-widget elementor-widget-image\" data-id=\"c946cce\" data-element_type=\"widget\" data-e-type=\"widget\" data-widget_type=\"image.default\">\n\t\t\t\t<div class=\"elementor-widget-container\">\n\t\t\t\t\t\t\t\t\t\t\t\t\t\t\t<img decoding=\"async\" src=\"https:\/\/discoverxanthi.com\/wp-content\/plugins\/elementor\/assets\/images\/placeholder.png\" title=\"\" alt=\"\" loading=\"lazy\" \/>\t\t\t\t\t\t\t\t\t\t\t\t\t\t\t<\/div>\n\t\t\t\t<\/div>\n\t\t\t\t\t<\/div>\n\t\t<\/div>\n\t\t\t\t<div class=\"elementor-column elementor-col-50 elementor-inner-column elementor-element elementor-element-b20c8aa\" data-id=\"b20c8aa\" data-element_type=\"column\" data-e-type=\"column\">\n\t\t\t<div class=\"elementor-widget-wrap elementor-element-populated\">\n\t\t\t\t\t\t<div class=\"elementor-element elementor-element-fd0f4a5 elementor-widget elementor-widget-heading\" data-id=\"fd0f4a5\" data-element_type=\"widget\" data-e-type=\"widget\" data-widget_type=\"heading.default\">\n\t\t\t\t<div class=\"elementor-widget-container\">\n\t\t\t\t\t<h2 class=\"elementor-heading-title elementor-size-default\">\u0399\u03b5\u03c1\u03ac \u039c\u03bf\u03bd\u03ae \u03a0\u03b1\u03bc\u03bc\u03b5\u03b3\u03ae\u03c3\u03c4\u03c9\u03bd \u03a4\u03b1\u03be\u03b9\u03b1\u03c1\u03c7\u03ce\u03bd<\/h2>\t\t\t\t<\/div>\n\t\t\t\t<\/div>\n\t\t\t\t<div class=\"elementor-element elementor-element-e4239ee elementor-widget elementor-widget-text-editor\" data-id=\"e4239ee\" data-element_type=\"widget\" data-e-type=\"widget\" data-widget_type=\"text-editor.default\">\n\t\t\t\t<div class=\"elementor-widget-container\">\n\t\t\t\t\t\t\t\t\t<p>\u03a3\u03c4\u03b1 \u03b2\u03bf\u03c1\u03b5\u03b9\u03bf\u03b4\u03c5\u03c4\u03b9\u03ba\u03ac \u03c4\u03b7\u03c2 \u039e\u03ac\u03bd\u03b8\u03b7\u03c2 \u03c3\u03c4\u03b1 150 \u03bc\u03ad\u03c4\u03c1\u03b1 \u03cd\u03c8\u03bf\u03c2, \u03bc\u03ad\u03c3\u03b1 \u03c3\u03c4\u03bf \u03b4\u03ac\u03c3\u03bf\u03c2, \u03b2\u03c1\u03af\u03c3\u03ba\u03b5\u03c4\u03b1\u03b9 \u03c4\u03bf \u03bc\u03bf\u03bd\u03b1\u03c3\u03c4\u03ae\u03c1\u03b9 \u03c4\u03c9\u03bd \u03a0\u03b1\u03bc\u03bc\u03b5\u03b3\u03ae\u03c3\u03c4\u03c9\u03bd \u03a4\u03b1\u03be\u03b9\u03b1\u03c1\u03c7\u03ce\u03bd \u03b1\u03ba\u03c1\u03b9\u03b2\u03ce\u03c2 \u03ba\u03ac\u03c4\u03c9 \u03b1\u03c0\u03cc \u03c4\u03b7\u03bd \u0392\u03c5\u03b6\u03b1\u03bd\u03c4\u03b9\u03bd\u03ae \u03b1\u03ba\u03c1\u03cc\u03c0\u03bf\u03bb\u03b7 \u03c4\u03b7\u03c2 \u03c0\u03cc\u03bb\u03b7\u03c2.<\/p><p>Nu s-au p\u0103strat \u00eenregistr\u0103ri care s\u0103 indice c\u00e2nd a fost construit, dar din frescele care au supravie\u021buit, presupunem c\u0103 a fost construit dup\u0103 1500. A trecut prin distrugeri mari din cauza cutremurelor \u0219i r\u0103zboaielor, a fost reconstruit dup\u0103 1941 \u0219i ast\u0103zi g\u0103zduie\u0219te \u0219coala eclesiastic\u0103.<\/p><p>\u00cen prezent, m\u0103n\u0103stirea este un m\u0103n\u0103stire de b\u0103rba\u021bi \u0219i s\u0103rb\u0103tore\u0219te s\u0103rb\u0103toarea Arhanghelilor Mihail \u0219i Gavril pe 8 noiembrie.<\/p>\t\t\t\t\t\t\t\t<\/div>\n\t\t\t\t<\/div>\n\t\t\t\t<div class=\"elementor-element elementor-element-be62470 elementor-widget elementor-widget-button\" data-id=\"be62470\" data-element_type=\"widget\" data-e-type=\"widget\" data-widget_type=\"button.default\">\n\t\t\t\t<div class=\"elementor-widget-container\">\n\t\t\t\t\t\t\t\t\t<div class=\"elementor-button-wrapper\">\n\t\t\t\t\t<a class=\"elementor-button elementor-button-link elementor-size-sm\" href=\"https:\/\/goo.gl\/maps\/MCyScTDsJFEFANr16\">\n\t\t\t\t\t\t<span class=\"elementor-button-content-wrapper\">\n\t\t\t\t\t\t\t\t\t<span class=\"elementor-button-text\">Vezi-l pe hart\u0103<\/span>\n\t\t\t\t\t<\/span>\n\t\t\t\t\t<\/a>\n\t\t\t\t<\/div>\n\t\t\t\t\t\t\t\t<\/div>\n\t\t\t\t<\/div>\n\t\t\t\t\t<\/div>\n\t\t<\/div>\n\t\t\t\t\t<\/div>\n\t\t<\/section>\n\t\t\t\t<section class=\"elementor-section elementor-inner-section elementor-element elementor-element-4727137 elementor-section-boxed elementor-section-height-default elementor-section-height-default\" data-id=\"4727137\" data-element_type=\"section\" data-e-type=\"section\" data-settings=\"{&quot;_ha_eqh_enable&quot;:false}\">\n\t\t\t\t\t\t<div class=\"elementor-container elementor-column-gap-default\">\n\t\t\t\t\t<div class=\"elementor-column elementor-col-50 elementor-inner-column elementor-element elementor-element-0f67c30\" data-id=\"0f67c30\" data-element_type=\"column\" data-e-type=\"column\">\n\t\t\t<div class=\"elementor-widget-wrap elementor-element-populated\">\n\t\t\t\t\t\t<div class=\"elementor-element elementor-element-880290c elementor-widget elementor-widget-image\" data-id=\"880290c\" data-element_type=\"widget\" data-e-type=\"widget\" data-widget_type=\"image.default\">\n\t\t\t\t<div class=\"elementor-widget-container\">\n\t\t\t\t\t\t\t\t\t\t\t\t\t\t\t<img decoding=\"async\" src=\"https:\/\/discoverxanthi.com\/wp-content\/plugins\/elementor\/assets\/images\/placeholder.png\" title=\"\" alt=\"\" loading=\"lazy\" \/>\t\t\t\t\t\t\t\t\t\t\t\t\t\t\t<\/div>\n\t\t\t\t<\/div>\n\t\t\t\t\t<\/div>\n\t\t<\/div>\n\t\t\t\t<div class=\"elementor-column elementor-col-50 elementor-inner-column elementor-element elementor-element-f64ee76\" data-id=\"f64ee76\" data-element_type=\"column\" data-e-type=\"column\">\n\t\t\t<div class=\"elementor-widget-wrap elementor-element-populated\">\n\t\t\t\t\t\t<div class=\"elementor-element elementor-element-8df54fb elementor-widget elementor-widget-heading\" data-id=\"8df54fb\" data-element_type=\"widget\" data-e-type=\"widget\" data-widget_type=\"heading.default\">\n\t\t\t\t<div class=\"elementor-widget-container\">\n\t\t\t\t\t<h2 class=\"elementor-heading-title elementor-size-default\">\u0399.\u039c. \u03a0\u03b1\u03bd\u03b1\u03b3\u03af\u03b1\u03c2 \u0391\u03c1\u03c7\u03b1\u03b3\u03b3\u03b5\u03bb\u03b9\u03ce\u03c4\u03b9\u03c3\u03c3\u03b1\u03c2 &amp; \u0395\u03ba\u03ba\u03bb\u03b7\u03c3\u03b9\u03b1\u03c3\u03c4\u03b9\u03ba\u03cc \u039c\u03bf\u03c5\u03c3\u03b5\u03af\u03bf \u0399.\u039c. \u039e\u03ac\u03bd\u03b8\u03b7\u03c2<\/h2>\t\t\t\t<\/div>\n\t\t\t\t<\/div>\n\t\t\t\t<div class=\"elementor-element elementor-element-50f6962 elementor-widget elementor-widget-text-editor\" data-id=\"50f6962\" data-element_type=\"widget\" data-e-type=\"widget\" data-widget_type=\"text-editor.default\">\n\t\t\t\t<div class=\"elementor-widget-container\">\n\t\t\t\t\t\t\t\t\t<p>\u00cen nord-estul ora\u0219ului Xanthi, la o altitudine de 160 de metri, deasupra cartierului Samakov, se afl\u0103 M\u0103n\u0103stirea Panagia Archangeliotissa.<\/p><p>Nu \u0219tim data la care a fost creat\u0103, deoarece nu s-au p\u0103strat \u00eenregistr\u0103ri. A suferit distrugeri mari din cauza cutremurelor \u0219i r\u0103zboaielor \u0219i a fost reconstruit\u0103 \u00een 1841 de c\u0103tre Mitropolitul de Xanthi, Eugenios. De asemenea, m\u0103n\u0103stirea a fost restaurat\u0103 \u00een 1954 de Mitropolitul de Xanthi, Antonios, \u0219i reprezint\u0103 un sprijin at\u00e2t pentru cre\u0219tini, c\u00e2t \u0219i pentru musulmani.<\/p><p>\u00cen prezent, m\u0103n\u0103stirea este un m\u0103n\u0103stire de b\u0103rba\u021bi \u0219i s\u0103rb\u0103tore\u0219te Intrarea \u00een Biseric\u0103 a Maicii Domnului pe 21 noiembrie \u0219i Adormirea Maicii Domnului pe 15 august.<\/p><p>De asemenea, \u00een M\u0103n\u0103stirea Panagia Archangeliotissa se afl\u0103 Muzeul Eclesiastic al Mitropoliei Xanthi, care a fost \u00eenfiin\u021bat \u00een 1960 de Mitropolitul de Xanthi, Antonios. Expozi\u021biile ecleziastice din muzeu dateaz\u0103 din sf\u00e2r\u0219itul perioadei bizantine, multe dintre ele fiind furate de bulgari \u00een timpul ocupa\u021biei bulgare.<\/p>\t\t\t\t\t\t\t\t<\/div>\n\t\t\t\t<\/div>\n\t\t\t\t<div class=\"elementor-element elementor-element-6dca9fc elementor-widget elementor-widget-button\" data-id=\"6dca9fc\" data-element_type=\"widget\" data-e-type=\"widget\" data-widget_type=\"button.default\">\n\t\t\t\t<div class=\"elementor-widget-container\">\n\t\t\t\t\t\t\t\t\t<div class=\"elementor-button-wrapper\">\n\t\t\t\t\t<a class=\"elementor-button elementor-button-link elementor-size-sm\" href=\"https:\/\/goo.gl\/maps\/8mPNxS5m281skPJx7\">\n\t\t\t\t\t\t<span class=\"elementor-button-content-wrapper\">\n\t\t\t\t\t\t\t\t\t<span class=\"elementor-button-text\">Vezi-l pe hart\u0103<\/span>\n\t\t\t\t\t<\/span>\n\t\t\t\t\t<\/a>\n\t\t\t\t<\/div>\n\t\t\t\t\t\t\t\t<\/div>\n\t\t\t\t<\/div>\n\t\t\t\t\t<\/div>\n\t\t<\/div>\n\t\t\t\t\t<\/div>\n\t\t<\/section>\n\t\t\t\t<section class=\"elementor-section elementor-inner-section elementor-element elementor-element-dea4bc8 elementor-section-boxed elementor-section-height-default elementor-section-height-default\" data-id=\"dea4bc8\" data-element_type=\"section\" data-e-type=\"section\" data-settings=\"{&quot;_ha_eqh_enable&quot;:false}\">\n\t\t\t\t\t\t<div class=\"elementor-container elementor-column-gap-default\">\n\t\t\t\t\t<div class=\"elementor-column elementor-col-50 elementor-inner-column elementor-element elementor-element-34fab67\" data-id=\"34fab67\" data-element_type=\"column\" data-e-type=\"column\">\n\t\t\t<div class=\"elementor-widget-wrap elementor-element-populated\">\n\t\t\t\t\t\t<div class=\"elementor-element elementor-element-93f2566 elementor-widget elementor-widget-image\" data-id=\"93f2566\" data-element_type=\"widget\" data-e-type=\"widget\" data-widget_type=\"image.default\">\n\t\t\t\t<div class=\"elementor-widget-container\">\n\t\t\t\t\t\t\t\t\t\t\t\t\t\t\t<img decoding=\"async\" src=\"https:\/\/discoverxanthi.com\/wp-content\/plugins\/elementor\/assets\/images\/placeholder.png\" title=\"\" alt=\"\" loading=\"lazy\" \/>\t\t\t\t\t\t\t\t\t\t\t\t\t\t\t<\/div>\n\t\t\t\t<\/div>\n\t\t\t\t\t<\/div>\n\t\t<\/div>\n\t\t\t\t<div class=\"elementor-column elementor-col-50 elementor-inner-column elementor-element elementor-element-996ac4b\" data-id=\"996ac4b\" data-element_type=\"column\" data-e-type=\"column\">\n\t\t\t<div class=\"elementor-widget-wrap elementor-element-populated\">\n\t\t\t\t\t\t<div class=\"elementor-element elementor-element-51fe929 elementor-widget elementor-widget-heading\" data-id=\"51fe929\" data-element_type=\"widget\" data-e-type=\"widget\" data-widget_type=\"heading.default\">\n\t\t\t\t<div class=\"elementor-widget-container\">\n\t\t\t\t\t<h2 class=\"elementor-heading-title elementor-size-default\">M\u0103n\u0103stirea Sf. Fecioar\u0103 Kalamou <\/h2>\t\t\t\t<\/div>\n\t\t\t\t<\/div>\n\t\t\t\t<div class=\"elementor-element elementor-element-3831f06 elementor-widget elementor-widget-text-editor\" data-id=\"3831f06\" data-element_type=\"widget\" data-e-type=\"widget\" data-widget_type=\"text-editor.default\">\n\t\t\t\t<div class=\"elementor-widget-container\">\n\t\t\t\t\t\t\t\t\t<p>\u00cen nordul ora\u0219ului Xanthi, pe o st\u00e2nc\u0103 \u00een mun\u021bii Rodopi, la o altitudine de 170 de metri, se afl\u0103 M\u0103n\u0103stirea Panagia Kalamou. M\u0103n\u0103stirea a fost construit\u0103 \u00eentre anii 726 \u0219i 843 d.Hr. (perioada iconoclast\u0103) de c\u0103tre prieteni iconocla\u0219ti. Numele m\u0103n\u0103stirii provine de la icoana Maicii Domnului g\u0103sit\u0103 printre stufuri. \u00cen prezent, m\u0103n\u0103stirea este de femei \u0219i s\u0103rb\u0103tore\u0219te \u00een ziua Praznicului Maicii Domnului, pe 23 august.<\/p>\t\t\t\t\t\t\t\t<\/div>\n\t\t\t\t<\/div>\n\t\t\t\t<div class=\"elementor-element elementor-element-716ef4a elementor-widget elementor-widget-button\" data-id=\"716ef4a\" data-element_type=\"widget\" data-e-type=\"widget\" data-widget_type=\"button.default\">\n\t\t\t\t<div class=\"elementor-widget-container\">\n\t\t\t\t\t\t\t\t\t<div class=\"elementor-button-wrapper\">\n\t\t\t\t\t<a class=\"elementor-button elementor-button-link elementor-size-sm\" href=\"https:\/\/goo.gl\/maps\/CfiKiTVvNw6xfEBv8\">\n\t\t\t\t\t\t<span class=\"elementor-button-content-wrapper\">\n\t\t\t\t\t\t\t\t\t<span class=\"elementor-button-text\">Vezi-l pe hart\u0103<\/span>\n\t\t\t\t\t<\/span>\n\t\t\t\t\t<\/a>\n\t\t\t\t<\/div>\n\t\t\t\t\t\t\t\t<\/div>\n\t\t\t\t<\/div>\n\t\t\t\t\t<\/div>\n\t\t<\/div>\n\t\t\t\t\t<\/div>\n\t\t<\/section>\n\t\t\t\t<section class=\"elementor-section elementor-inner-section elementor-element elementor-element-5d341e8 elementor-section-boxed elementor-section-height-default elementor-section-height-default\" data-id=\"5d341e8\" data-element_type=\"section\" data-e-type=\"section\" data-settings=\"{&quot;_ha_eqh_enable&quot;:false}\">\n\t\t\t\t\t\t<div class=\"elementor-container elementor-column-gap-default\">\n\t\t\t\t\t<div class=\"elementor-column elementor-col-50 elementor-inner-column elementor-element elementor-element-a929ec4\" data-id=\"a929ec4\" data-element_type=\"column\" data-e-type=\"column\">\n\t\t\t<div class=\"elementor-widget-wrap elementor-element-populated\">\n\t\t\t\t\t\t<div class=\"elementor-element elementor-element-88032a5 elementor-widget elementor-widget-image\" data-id=\"88032a5\" data-element_type=\"widget\" data-e-type=\"widget\" data-widget_type=\"image.default\">\n\t\t\t\t<div class=\"elementor-widget-container\">\n\t\t\t\t\t\t\t\t\t\t\t\t\t\t\t<img decoding=\"async\" src=\"https:\/\/discoverxanthi.com\/wp-content\/plugins\/elementor\/assets\/images\/placeholder.png\" title=\"\" alt=\"\" loading=\"lazy\" \/>\t\t\t\t\t\t\t\t\t\t\t\t\t\t\t<\/div>\n\t\t\t\t<\/div>\n\t\t\t\t\t<\/div>\n\t\t<\/div>\n\t\t\t\t<div class=\"elementor-column elementor-col-50 elementor-inner-column elementor-element elementor-element-bba6a93\" data-id=\"bba6a93\" data-element_type=\"column\" data-e-type=\"column\">\n\t\t\t<div class=\"elementor-widget-wrap elementor-element-populated\">\n\t\t\t\t\t\t<div class=\"elementor-element elementor-element-4b00c41 elementor-widget elementor-widget-heading\" data-id=\"4b00c41\" data-element_type=\"widget\" data-e-type=\"widget\" data-widget_type=\"heading.default\">\n\t\t\t\t<div class=\"elementor-widget-container\">\n\t\t\t\t\t<h2 class=\"elementor-heading-title elementor-size-default\">M\u0103n\u0103stirea Sf\u00e2nta Irina<\/h2>\t\t\t\t<\/div>\n\t\t\t\t<\/div>\n\t\t\t\t<div class=\"elementor-element elementor-element-74c02d3 elementor-widget elementor-widget-text-editor\" data-id=\"74c02d3\" data-element_type=\"widget\" data-e-type=\"widget\" data-widget_type=\"text-editor.default\">\n\t\t\t\t<div class=\"elementor-widget-container\">\n\t\t\t\t\t\t\t\t\t<p>\u00cen nord-estul ora\u0219ului Xanthi, pe un deal, se afl\u0103 M\u0103n\u0103stirea Sf\u00e2nta Irina. A fost construit\u0103 \u00een 1972 de c\u0103tre Arhimandritul Antonios (Dalatsis) \u0219i Mitropolitul Xanthiului Antonios (Klaoudatos). La m\u0103n\u0103stire func\u021bioneaz\u0103 din 1978 un orfelinat pentru fete, care p\u00e2n\u0103 \u00een prezent a crescut \u0219i reintegrat 35 de fete. \u00cen prezent, m\u0103n\u0103stirea este de femei, g\u0103zduie\u0219te multe sfinte moa\u0219te \u0219i s\u0103rb\u0103tore\u0219te pe Sf\u00e2nta Irina Mare Muceni\u021b\u0103 pe 5 mai.<\/p>\t\t\t\t\t\t\t\t<\/div>\n\t\t\t\t<\/div>\n\t\t\t\t<div class=\"elementor-element elementor-element-af0c5d1 elementor-widget elementor-widget-button\" data-id=\"af0c5d1\" data-element_type=\"widget\" data-e-type=\"widget\" data-widget_type=\"button.default\">\n\t\t\t\t<div class=\"elementor-widget-container\">\n\t\t\t\t\t\t\t\t\t<div class=\"elementor-button-wrapper\">\n\t\t\t\t\t<a class=\"elementor-button elementor-button-link elementor-size-sm\" href=\"https:\/\/goo.gl\/maps\/FgHYACmGiV6AUZZH8\">\n\t\t\t\t\t\t<span class=\"elementor-button-content-wrapper\">\n\t\t\t\t\t\t\t\t\t<span class=\"elementor-button-text\">Vezi-l pe hart\u0103<\/span>\n\t\t\t\t\t<\/span>\n\t\t\t\t\t<\/a>\n\t\t\t\t<\/div>\n\t\t\t\t\t\t\t\t<\/div>\n\t\t\t\t<\/div>\n\t\t\t\t\t<\/div>\n\t\t<\/div>\n\t\t\t\t\t<\/div>\n\t\t<\/section>\n\t\t\t\t<div class=\"elementor-element elementor-element-c76b874 elementor-widget elementor-widget-heading\" data-id=\"c76b874\" data-element_type=\"widget\" data-e-type=\"widget\" data-widget_type=\"heading.default\">\n\t\t\t\t<div class=\"elementor-widget-container\">\n\t\t\t\t\t<h2 class=\"elementor-heading-title elementor-size-default\">De asemenea, merit\u0103 s\u0103 vizita\u021bi:<\/h2>\t\t\t\t<\/div>\n\t\t\t\t<\/div>\n\t\t\t\t<div class=\"elementor-element elementor-element-185022a elementor-widget elementor-widget-text-editor\" data-id=\"185022a\" data-element_type=\"widget\" data-e-type=\"widget\" data-widget_type=\"text-editor.default\">\n\t\t\t\t<div class=\"elementor-widget-container\">\n\t\t\t\t\t\t\t\t\t<ul><li>Catedrala Metropolitan\u0103 a Sf\u00e2ntului Ioan Botez\u0103torul<\/li><li>Biserica Sf\u00e2ntul Gheorghe<\/li><li>Biserica Sf\u00e2ntul Dimitrie din Samakov<\/li><li>Biserica Akathistos<\/li><li>Biserica celor 12 Apostoli<\/li><li>Biserica Arhanghelilor din Kavakio<\/li><\/ul>\t\t\t\t\t\t\t\t<\/div>\n\t\t\t\t<\/div>\n\t\t\t\t\t<\/div>\n\t\t<\/div>\n\t\t\t\t\t<\/div>\n\t\t<\/section>\n\t\t\t\t<\/div>","protected":false},"excerpt":{"rendered":"<p>\u0395\u03ba\u03ba\u03bb\u03b7\u03c3\u03b9\u03b1\u03c3\u03c4\u03b9\u03ba\u03cc\u03c2 \u03a4\u03bf\u03c5\u03c1\u03b9\u03bc\u03cc\u03c2 \u0391\u03be\u03b9\u03bf\u03b8\u03ad\u03b1\u03c4\u03b1 \u201c&#8230;\u201d \u0399\u03b5\u03c1\u03ac \u039c\u03bf\u03bd\u03ae \u03a0\u03b1\u03bc\u03bc\u03b5\u03b3\u03ae\u03c3\u03c4\u03c9\u03bd \u03a4\u03b1\u03be\u03b9\u03b1\u03c1\u03c7\u03ce\u03bd \u03a3\u03c4\u03b1 \u03b2\u03bf\u03c1\u03b5\u03b9\u03bf\u03b4\u03c5\u03c4\u03b9\u03ba\u03ac \u03c4\u03b7\u03c2 \u039e\u03ac\u03bd\u03b8\u03b7\u03c2 \u03c3\u03c4\u03b1 150 \u03bc\u03ad\u03c4\u03c1\u03b1 \u03cd\u03c8\u03bf\u03c2, \u03bc\u03ad\u03c3\u03b1 \u03c3\u03c4\u03bf \u03b4\u03ac\u03c3\u03bf\u03c2, \u03b2\u03c1\u03af\u03c3\u03ba\u03b5\u03c4\u03b1\u03b9 \u03c4\u03bf \u03bc\u03bf\u03bd\u03b1\u03c3\u03c4\u03ae\u03c1\u03b9 \u03c4\u03c9\u03bd \u03a0\u03b1\u03bc\u03bc\u03b5\u03b3\u03ae\u03c3\u03c4\u03c9\u03bd \u03a4\u03b1\u03be\u03b9\u03b1\u03c1\u03c7\u03ce\u03bd \u03b1\u03ba\u03c1\u03b9\u03b2\u03ce\u03c2 \u03ba\u03ac\u03c4\u03c9 \u03b1\u03c0\u03cc \u03c4\u03b7\u03bd \u0392\u03c5\u03b6\u03b1\u03bd\u03c4\u03b9\u03bd\u03ae \u03b1\u03ba\u03c1\u03cc\u03c0\u03bf\u03bb\u03b7 \u03c4\u03b7\u03c2 \u03c0\u03cc\u03bb\u03b7\u03c2. \u0394\u03b5\u03bd \u03c3\u03ce\u03b8\u03b7\u03ba\u03b1\u03bd \u03b1\u03c1\u03c7\u03b5\u03af\u03b1 \u03ce\u03c3\u03c4\u03b5 \u03bd\u03b1 \u03b3\u03bd\u03c9\u03c1\u03af\u03b6\u03bf\u03c5\u03bc\u03b5 \u03c0\u03cc\u03c4\u03b5 \u03b4\u03b7\u03bc\u03b9\u03bf\u03c5\u03c1\u03b3\u03ae\u03b8\u03b7\u03ba\u03b5 \u03c9\u03c3\u03c4\u03cc\u03c3\u03bf \u03b1\u03c0\u03cc \u03c4\u03b9\u03c2 \u03c4\u03bf\u03b9\u03c7\u03bf\u03b3\u03c1\u03b1\u03c6\u03af\u03b5\u03c2 \u03c0\u03bf\u03c5 \u03c3\u03ce\u03b6\u03bf\u03bd\u03c4\u03b1\u03b9 \u03c5\u03c0\u03bf\u03b8\u03ad\u03c4\u03bf\u03c5\u03bc\u03b5 \u03cc\u03c4\u03b9 \u03ba\u03b1\u03c4\u03b1\u03c3\u03ba\u03b5\u03c5\u03ac\u03c3\u03c4\u03b7\u03ba\u03b5 \u03bc\u03b5\u03c4\u03ac \u03c4\u03bf 1.500. \u03a0\u03ad\u03c1\u03b1\u03c3\u03b5 \u03bc\u03b5\u03b3\u03ac\u03bb\u03b5\u03c2&#8230;<\/p>","protected":false},"author":2,"featured_media":0,"parent":0,"menu_order":0,"comment_status":"closed","ping_status":"closed","template":"elementor_header_footer","meta":{"_kad_post_transparent":"","_kad_post_title":"hide","_kad_post_layout":"fullwidth","_kad_post_sidebar_id":"","_kad_post_content_style":"unboxed","_kad_post_vertical_padding":"hide","_kad_post_feature":"hide","_kad_post_feature_position":"","_kad_post_header":false,"_kad_post_footer":false,"_kad_post_classname":"","footnotes":""},"class_list":["post-271","page","type-page","status-publish","hentry"],"aioseo_notices":[],"_links":{"self":[{"href":"https:\/\/discoverxanthi.com\/ro\/wp-json\/wp\/v2\/pages\/271","targetHints":{"allow":["GET"]}}],"collection":[{"href":"https:\/\/discoverxanthi.com\/ro\/wp-json\/wp\/v2\/pages"}],"about":[{"href":"https:\/\/discoverxanthi.com\/ro\/wp-json\/wp\/v2\/types\/page"}],"author":[{"embeddable":true,"href":"https:\/\/discoverxanthi.com\/ro\/wp-json\/wp\/v2\/users\/2"}],"replies":[{"embeddable":true,"href":"https:\/\/discoverxanthi.com\/ro\/wp-json\/wp\/v2\/comments?post=271"}],"version-history":[{"count":16,"href":"https:\/\/discoverxanthi.com\/ro\/wp-json\/wp\/v2\/pages\/271\/revisions"}],"predecessor-version":[{"id":717,"href":"https:\/\/discoverxanthi.com\/ro\/wp-json\/wp\/v2\/pages\/271\/revisions\/717"}],"wp:attachment":[{"href":"https:\/\/discoverxanthi.com\/ro\/wp-json\/wp\/v2\/media?parent=271"}],"curies":[{"name":"wp","href":"https:\/\/api.w.org\/{rel}","templated":true}]}}