{"id":2492,"date":"2023-02-27T23:33:31","date_gmt":"2023-02-27T21:33:31","guid":{"rendered":"https:\/\/discoverxanthi.com\/?page_id=2492"},"modified":"2023-02-27T23:34:30","modified_gmt":"2023-02-27T21:34:30","slug":"avdira-topika-proionta","status":"publish","type":"page","link":"https:\/\/discoverxanthi.com\/tr\/avdira-topika-proionta\/","title":{"rendered":"\u0386\u03b2\u03b4\u03b7\u03c1\u03b1 \u03a4\u03bf\u03c0\u03b9\u03ba\u03ac \u03a0\u03c1\u03bf\u03ca\u03cc\u03bd\u03c4\u03b1"},"content":{"rendered":"<div data-elementor-type=\"wp-page\" data-elementor-id=\"2492\" class=\"elementor elementor-2492\" data-elementor-settings=\"{&quot;ha_cmc_init_switcher&quot;:&quot;no&quot;}\" data-elementor-post-type=\"page\">\n\t\t\t\t\t\t<section class=\"elementor-section elementor-top-section elementor-element elementor-element-b919a2c elementor-section-boxed elementor-section-height-default elementor-section-height-default\" data-id=\"b919a2c\" data-element_type=\"section\" data-e-type=\"section\" data-settings=\"{&quot;_ha_eqh_enable&quot;:false}\">\n\t\t\t\t\t\t<div class=\"elementor-container elementor-column-gap-default\">\n\t\t\t\t\t<div class=\"elementor-column elementor-col-100 elementor-top-column elementor-element elementor-element-f3a9035\" data-id=\"f3a9035\" data-element_type=\"column\" data-e-type=\"column\">\n\t\t\t<div class=\"elementor-widget-wrap elementor-element-populated\">\n\t\t\t\t\t\t<div class=\"elementor-element elementor-element-7f637c6 elementor-widget elementor-widget-heading\" data-id=\"7f637c6\" data-element_type=\"widget\" data-e-type=\"widget\" data-widget_type=\"heading.default\">\n\t\t\t\t<div class=\"elementor-widget-container\">\n\t\t\t\t\t<h2 class=\"elementor-heading-title elementor-size-default\">\u0386\u03b2\u03b4\u03b7\u03c1\u03b1 \u03a4\u03bf\u03c0\u03b9\u03ba\u03ac \u03a0\u03c1\u03bf\u03ca\u03cc\u03bd\u03c4\u03b1<\/h2>\t\t\t\t<\/div>\n\t\t\t\t<\/div>\n\t\t\t\t<div class=\"elementor-element elementor-element-8ab2fed elementor-posts--align-center elementor-grid-3 elementor-grid-tablet-2 elementor-grid-mobile-1 elementor-posts--thumbnail-top elementor-widget elementor-widget-posts\" data-id=\"8ab2fed\" data-element_type=\"widget\" data-e-type=\"widget\" data-settings=\"{&quot;classic_columns&quot;:&quot;3&quot;,&quot;classic_columns_tablet&quot;:&quot;2&quot;,&quot;classic_columns_mobile&quot;:&quot;1&quot;,&quot;classic_row_gap&quot;:{&quot;unit&quot;:&quot;px&quot;,&quot;size&quot;:35,&quot;sizes&quot;:[]},&quot;classic_row_gap_tablet&quot;:{&quot;unit&quot;:&quot;px&quot;,&quot;size&quot;:&quot;&quot;,&quot;sizes&quot;:[]},&quot;classic_row_gap_mobile&quot;:{&quot;unit&quot;:&quot;px&quot;,&quot;size&quot;:&quot;&quot;,&quot;sizes&quot;:[]}}\" data-widget_type=\"posts.classic\">\n\t\t\t\t<div class=\"elementor-widget-container\">\n\t\t\t\t\t\t\t<div class=\"elementor-posts-container elementor-posts elementor-posts--skin-classic elementor-grid\" role=\"list\">\n\t\t\t\t<article class=\"elementor-post elementor-grid-item post-2466 topika_proionta type-topika_proionta status-publish has-post-thumbnail hentry tag-avdira\" role=\"listitem\">\n\t\t\t\t<a class=\"elementor-post__thumbnail__link\" href=\"https:\/\/discoverxanthi.com\/tr\/topika-proionta\/abelonas-viologikis-kalliergeias-kai-oinopoieio-karakosta\/\" tabindex=\"-1\" target=\"&quot;_blank&quot;\">\n\t\t\t<div class=\"elementor-post__thumbnail\"><img fetchpriority=\"high\" decoding=\"async\" width=\"768\" height=\"768\" src=\"https:\/\/discoverxanthi.com\/wp-content\/uploads\/2023\/02\/11082959006281146743_n-768x768.jpg\" class=\"attachment-medium_large size-medium_large wp-image-2537\" alt=\"\" srcset=\"https:\/\/discoverxanthi.com\/wp-content\/uploads\/2023\/02\/11082959006281146743_n-768x768.jpg 768w, https:\/\/discoverxanthi.com\/wp-content\/uploads\/2023\/02\/11082959006281146743_n-300x300.jpg 300w, https:\/\/discoverxanthi.com\/wp-content\/uploads\/2023\/02\/11082959006281146743_n-1024x1024.jpg 1024w, https:\/\/discoverxanthi.com\/wp-content\/uploads\/2023\/02\/11082959006281146743_n-150x150.jpg 150w, https:\/\/discoverxanthi.com\/wp-content\/uploads\/2023\/02\/11082959006281146743_n-12x12.jpg 12w, https:\/\/discoverxanthi.com\/wp-content\/uploads\/2023\/02\/11082959006281146743_n.jpg 1507w\" sizes=\"(max-width: 768px) 100vw, 768px\" \/><\/div>\n\t\t<\/a>\n\t\t\t\t<div class=\"elementor-post__text\">\n\t\t\t\t<h3 class=\"elementor-post__title\">\n\t\t\t<a href=\"https:\/\/discoverxanthi.com\/tr\/topika-proionta\/abelonas-viologikis-kalliergeias-kai-oinopoieio-karakosta\/\" target=\"&quot;_blank&quot;\">\n\t\t\t\tKarakosta \u00dcz\u00fcm Ba\u011f\u0131 ve Karakosta \u015earaphanesi\t\t\t<\/a>\n\t\t<\/h3>\n\t\t\n\t\t<a class=\"elementor-post__read-more\" href=\"https:\/\/discoverxanthi.com\/tr\/topika-proionta\/abelonas-viologikis-kalliergeias-kai-oinopoieio-karakosta\/\" aria-label=\"Read more about \u0391\u03bc\u03c0\u03b5\u03bb\u03ce\u03bd\u03b1\u03c2 \u039a\u03b1\u03c1\u03b1\u03ba\u03ce\u03c3\u03c4\u03b1 \u03ba\u03b1\u03b9 \u039f\u03b9\u03bd\u03bf\u03c0\u03bf\u03b9\u03b5\u03af\u03bf \u039a\u03b1\u03c1\u03b1\u03ba\u03ce\u03c3\u03c4\u03b1\" tabindex=\"-1\" target=\"_blank\">\n\t\t\tDaha Fazla Oku \u201d\t\t<\/a>\n\n\t\t\t\t<\/div>\n\t\t\t\t<\/article>\n\t\t\t\t<\/div>\n\t\t\n\t\t\t\t\t\t<\/div>\n\t\t\t\t<\/div>\n\t\t\t\t\t<\/div>\n\t\t<\/div>\n\t\t\t\t\t<\/div>\n\t\t<\/section>\n\t\t\t\t<\/div>","protected":false},"excerpt":{"rendered":"<p>\u0386\u03b2\u03b4\u03b7\u03c1\u03b1 \u03a4\u03bf\u03c0\u03b9\u03ba\u03ac \u03a0\u03c1\u03bf\u03ca\u03cc\u03bd\u03c4\u03b1<\/p>","protected":false},"author":2,"featured_media":0,"parent":0,"menu_order":0,"comment_status":"closed","ping_status":"closed","template":"elementor_header_footer","meta":{"_kad_post_transparent":"","_kad_post_title":"hide","_kad_post_layout":"fullwidth","_kad_post_sidebar_id":"","_kad_post_content_style":"unboxed","_kad_post_vertical_padding":"hide","_kad_post_feature":"hide","_kad_post_feature_position":"","_kad_post_header":false,"_kad_post_footer":false,"_kad_post_classname":"","footnotes":""},"class_list":["post-2492","page","type-page","status-publish","hentry"],"aioseo_notices":[],"_links":{"self":[{"href":"https:\/\/discoverxanthi.com\/tr\/wp-json\/wp\/v2\/pages\/2492","targetHints":{"allow":["GET"]}}],"collection":[{"href":"https:\/\/discoverxanthi.com\/tr\/wp-json\/wp\/v2\/pages"}],"about":[{"href":"https:\/\/discoverxanthi.com\/tr\/wp-json\/wp\/v2\/types\/page"}],"author":[{"embeddable":true,"href":"https:\/\/discoverxanthi.com\/tr\/wp-json\/wp\/v2\/users\/2"}],"replies":[{"embeddable":true,"href":"https:\/\/discoverxanthi.com\/tr\/wp-json\/wp\/v2\/comments?post=2492"}],"version-history":[{"count":4,"href":"https:\/\/discoverxanthi.com\/tr\/wp-json\/wp\/v2\/pages\/2492\/revisions"}],"predecessor-version":[{"id":2496,"href":"https:\/\/discoverxanthi.com\/tr\/wp-json\/wp\/v2\/pages\/2492\/revisions\/2496"}],"wp:attachment":[{"href":"https:\/\/discoverxanthi.com\/tr\/wp-json\/wp\/v2\/media?parent=2492"}],"curies":[{"name":"wp","href":"https:\/\/api.w.org\/{rel}","templated":true}]}}